{"id":8376,"date":"2025-04-07T07:02:09","date_gmt":"2025-04-07T07:02:09","guid":{"rendered":"https:\/\/www.camping-tremolat.com\/camping-dordogne-riverside\/"},"modified":"2025-07-01T13:53:50","modified_gmt":"2025-07-01T13:53:50","slug":"camping-dordogne-riverside","status":"publish","type":"page","link":"https:\/\/www.camping-tremolat.com\/en\/camping-dordogne-riverside\/","title":{"rendered":"Riverside"},"content":{"rendered":"\n<section class=\"wp-block-group home-intro page-intro is-layout-flow wp-block-group-is-layout-flow\" style=\"margin-top:0rem;margin-bottom:var(--wp--preset--spacing--50);padding-bottom:5rem\">\n<div class=\"wp-block-columns is-layout-flex wp-container-core-columns-is-layout-28f84493 wp-block-columns-is-layout-flex\">\n<div class=\"wp-block-column middle is-layout-flow wp-block-column-is-layout-flow\">\n<div class=\"wp-block-group is-vertical is-nowrap is-layout-flex wp-container-core-group-is-layout-6fe931d8 wp-block-group-is-layout-flex\">\n<div class=\"wp-block-group anim-text text is-layout-flow wp-block-group-is-layout-flow\" style=\"margin-bottom:var(--wp--preset--spacing--40);padding-right:7rem;padding-left:var(--wp--preset--spacing--40)\">\n<h1 class=\"wp-block-heading\" style=\"margin-bottom:var(--wp--preset--spacing--30)\"><strong>Your stay<\/strong> at a riverside campsite in the Dordogne  <\/h1>\n\n\n\n<h2 class=\"wp-block-heading has-custom-color-5-color has-text-color has-link-color wp-elements-9cca982e7cf4d3f7a2d7d907c235db3b\"><strong>Along the river<\/strong> from our campsite in Tr\u00e9molat<\/h2>\n\n\n\n<p>D\u00e9couvrez l\u2019un des meilleurs campings pr\u00e9sents au c\u0153ur de la <a href=\"https:\/\/www.camping-tremolat.com\/en\/dordogne-valley\/\" data-type=\"page\" data-id=\"18\">vall\u00e9e de la Dordogne<\/a>, le <a href=\"https:\/\/www.camping-tremolat.com\/en\/\" data-type=\"page\" data-id=\"5\">camping de Dordogne<\/a> Les Berges de la Dordogne. Situ\u00e9 \u00e0 Tr\u00e9molat, nich\u00e9 entre Sarlat et Bergerac, ce <strong>camping en bord de rivi\u00e8re<\/strong> vous propose un cadre naturel arbor\u00e9 et un acc\u00e8s direct \u00e0 la rivi\u00e8re. Venez passer vos vacances au c\u0153ur de la nature avec vos enfants ou entre amis.\u00a0<\/p>\n\n\n\n<p>Des h\u00e9bergements confortables et fonctionnels, en <a href=\"https:\/\/www.camping-tremolat.com\/en\/mobile-home-rentals-dordogne\/\" data-type=\"page\" data-id=\"14\">location de mobil-homes en Dordogne<\/a> ou en <a href=\"https:\/\/www.camping-tremolat.com\/en\/pitches-rental-dordogne\/\" data-type=\"page\" data-id=\"15\">location d\u2019emplacements \u00e0 Tr\u00e9molat<\/a> avec un acc\u00e8s rapide \u00e0 <a href=\"https:\/\/www.camping-tremolat.com\/en\/camping-with-aquatic-area\/\" data-type=\"page\" data-id=\"11\">l\u2019espace aquatique du camping pr\u00e8s de Sarlat<\/a> vous sont propos\u00e9s pour votre s\u00e9jour nature.<\/p>\n<\/div>\n\n\n\n<figure class=\"wp-block-image size-full has-custom-border reveal\"><img decoding=\"async\" width=\"878\" height=\"586\" src=\"https:\/\/www.camping-tremolat.com\/wp-content\/uploads\/2025\/04\/location-camping-perigueux.jpg\" alt=\"camping rental perigueux\" class=\"wp-image-6814\" style=\"border-top-left-radius:8rem;border-bottom-right-radius:8rem\" srcset=\"https:\/\/www.camping-tremolat.com\/wp-content\/uploads\/2025\/04\/location-camping-perigueux.jpg 878w, https:\/\/www.camping-tremolat.com\/wp-content\/uploads\/2025\/04\/location-camping-perigueux-300x200.jpg 300w, https:\/\/www.camping-tremolat.com\/wp-content\/uploads\/2025\/04\/location-camping-perigueux-768x513.jpg 768w\" sizes=\"(max-width: 878px) 100vw, 878px\" \/><\/figure>\n<\/div>\n<\/div>\n\n\n\n<div class=\"wp-block-column right is-layout-flow wp-block-column-is-layout-flow\">\n<div class=\"wp-block-group is-vertical is-content-justification-left is-nowrap is-layout-flex wp-container-core-group-is-layout-87328470 wp-block-group-is-layout-flex\">\n<figure class=\"wp-block-image size-full has-custom-border reveal\"><img decoding=\"async\" width=\"1500\" height=\"1000\" src=\"https:\/\/www.camping-tremolat.com\/wp-content\/uploads\/2025\/05\/canards-riviere-Dordogne.webp\" alt=\"ducks river Dordogne\" class=\"wp-image-7998\" style=\"border-top-left-radius:8rem;border-bottom-right-radius:8rem;aspect-ratio:3\/2;object-fit:cover\" srcset=\"https:\/\/www.camping-tremolat.com\/wp-content\/uploads\/2025\/05\/canards-riviere-Dordogne.webp 1500w, https:\/\/www.camping-tremolat.com\/wp-content\/uploads\/2025\/05\/canards-riviere-Dordogne-300x200.webp 300w, https:\/\/www.camping-tremolat.com\/wp-content\/uploads\/2025\/05\/canards-riviere-Dordogne-1024x683.webp 1024w, https:\/\/www.camping-tremolat.com\/wp-content\/uploads\/2025\/05\/canards-riviere-Dordogne-768x512.webp 768w\" sizes=\"(max-width: 1500px) 100vw, 1500px\" \/><\/figure>\n<\/div>\n\n\n\n<div style=\"height:2rem\" aria-hidden=\"true\" class=\"wp-block-spacer gt-hide-mobile\"><\/div>\n\n\n\n<div class=\"wp-block-group titre-deco is-nowrap is-layout-flex wp-container-core-group-is-layout-0f072f70 wp-block-group-is-layout-flex\" style=\"padding-top:var(--wp--preset--spacing--40);padding-left:8rem\">\n<div class=\"wp-block-group handmade-title is-vertical is-layout-flex wp-container-core-group-is-layout-4ece205d wp-block-group-is-layout-flex\" style=\"margin-bottom:0\">\n<p class=\"handmade-title-p has-custom-color-5-color has-text-color has-link-color wp-elements-e4022327ad7fb742c3ec44f454107769\" style=\"font-size:clamp(1.502rem, 1.502rem + ((1vw - 0.2rem) * 1.353), 2.5rem);line-height:1;text-transform:uppercase\">Your nature break<\/p>\n\n\n\n<p class=\"handmade-title-p has-custom-color-5-color has-text-color has-link-color has-magnolia-script-font-family wp-elements-d5919d82221f31c06df5e3bc5d067798\" style=\"font-size:clamp(2.835rem, 2.835rem + ((1vw - 0.2rem) * 3.614), 5.5rem);line-height:0.9\">in Dordogne<\/p>\n<\/div>\n<\/div>\n<\/div>\n<\/div>\n<\/section>\n\n<section class=\"wp-block-group home-second page-second has-custom-color-5-background-color has-background is-layout-flow wp-block-group-is-layout-flow\" style=\"padding-top:var(--wp--preset--spacing--60);padding-bottom:12rem\">\n<div class=\"wp-block-columns is-layout-flex wp-container-core-columns-is-layout-658170e2 wp-block-columns-is-layout-flex\">\n<div class=\"wp-block-column is-vertically-aligned-center is-layout-flow wp-block-column-is-layout-flow\" style=\"padding-right:var(--wp--preset--spacing--20);padding-left:var(--wp--preset--spacing--60);flex-basis:40%\">\n<div class=\"wp-block-group anim-text is-vertical is-nowrap is-layout-flex wp-container-core-group-is-layout-3aa504c0 wp-block-group-is-layout-flex\">\n<h2 class=\"wp-block-heading has-base-2-color has-text-color has-link-color wp-elements-8299b8d2b24d3a591d462e137bb10fcb\"><strong>Family fun<\/strong> with river activities<\/h2>\n\n\n\n<p class=\"has-base-2-color has-text-color has-link-color wp-elements-2e2ea97e4c75bab2a36acf16ec023ede\">Enjoy unique family moments with our <strong>river activities<\/strong> at the Dordogne campsite in Tr\u00e9molat. Directly on site, we offer canoe, kayak, paddle and pedalo rentals, so you can explore the calm waters of the river and discover the P\u00e9rigord Noir from another angle.   <\/p>\n\n\n\n<p class=\"has-base-2-color has-text-color has-link-color wp-elements-ec34d566a4849998bd2b584bd779e6a6\">Que vous soyez d\u00e9butant ou expert, chacun peut s\u2019amuser en toute s\u00e9curit\u00e9 et profiter d\u2019un s\u00e9jour au c\u0153ur de la nature dans notre <a href=\"https:\/\/www.camping-tremolat.com\/en\/family-campsite-dordogne\/\" data-type=\"page\" data-id=\"6\">camping familial en Dordogne<\/a>. Baignades et aventure aquatique au rendez-vous pour toute la famille !<\/p>\n<\/div>\n<\/div>\n\n\n\n<div class=\"wp-block-column has-global-padding is-layout-constrained wp-container-core-column-is-layout-9cf94856 wp-block-column-is-layout-constrained\" style=\"padding-right:var(--wp--preset--spacing--50);padding-left:var(--wp--preset--spacing--30);flex-basis:60%\">\n<figure class=\"wp-block-image size-full is-resized has-custom-border reveal\"><img decoding=\"async\" width=\"684\" height=\"649\" src=\"https:\/\/www.camping-tremolat.com\/wp-content\/uploads\/2025\/05\/Canoes-activites-aquatiques-en-Dordogne.webp\" alt=\"Canoes, aquatic activities in Dordogne\" class=\"wp-image-8005\" style=\"border-top-left-radius:8rem;border-bottom-right-radius:8rem;aspect-ratio:3\/2;object-fit:cover;width:auto;height:600px\" srcset=\"https:\/\/www.camping-tremolat.com\/wp-content\/uploads\/2025\/05\/Canoes-activites-aquatiques-en-Dordogne.webp 684w, https:\/\/www.camping-tremolat.com\/wp-content\/uploads\/2025\/05\/Canoes-activites-aquatiques-en-Dordogne-300x285.webp 300w\" sizes=\"(max-width: 684px) 100vw, 684px\" \/><\/figure>\n<\/div>\n<\/div>\n<\/section>\n\n<section class=\"wp-block-group home-second page-second reverse is-layout-flow wp-block-group-is-layout-flow\" style=\"padding-top:var(--wp--preset--spacing--30);padding-bottom:var(--wp--preset--spacing--40)\">\n<div class=\"wp-block-columns is-layout-flex wp-container-core-columns-is-layout-658170e2 wp-block-columns-is-layout-flex\">\n<div class=\"wp-block-column has-global-padding is-layout-constrained wp-container-core-column-is-layout-1c074333 wp-block-column-is-layout-constrained\" style=\"padding-top:var(--wp--preset--spacing--50);padding-right:var(--wp--preset--spacing--30);padding-bottom:var(--wp--preset--spacing--50);padding-left:var(--wp--preset--spacing--30);flex-basis:60%\">\n<figure class=\"wp-block-image size-full is-resized has-custom-border reveal\"><img decoding=\"async\" width=\"960\" height=\"600\" src=\"https:\/\/www.camping-tremolat.com\/wp-content\/uploads\/2025\/04\/peche-famille-dordogne.jpg\" alt=\"peche famille dordogne\" class=\"wp-image-6777\" style=\"border-top-left-radius:8rem;border-bottom-right-radius:8rem;width:auto;height:600px\" srcset=\"https:\/\/www.camping-tremolat.com\/wp-content\/uploads\/2025\/04\/peche-famille-dordogne.jpg 960w, https:\/\/www.camping-tremolat.com\/wp-content\/uploads\/2025\/04\/peche-famille-dordogne-300x188.jpg 300w, https:\/\/www.camping-tremolat.com\/wp-content\/uploads\/2025\/04\/peche-famille-dordogne-768x480.jpg 768w\" sizes=\"(max-width: 960px) 100vw, 960px\" \/><\/figure>\n<\/div>\n\n\n\n<div class=\"wp-block-column is-vertically-aligned-center is-layout-flow wp-block-column-is-layout-flow\" style=\"padding-right:var(--wp--preset--spacing--60);padding-left:var(--wp--preset--spacing--20);flex-basis:40%\">\n<div class=\"wp-block-group anim-text is-vertical is-nowrap is-layout-flex wp-container-core-group-is-layout-3aa504c0 wp-block-group-is-layout-flex\">\n<h2 class=\"wp-block-heading has-custom-color-5-color has-text-color has-link-color wp-elements-60a46c27fb9ba16be0bda73957c035e6\"><strong>Fishing in the Dordogne<\/strong> from our campsite<\/h2>\n\n\n\n<p class=\"has-custom-color-3-color has-text-color has-link-color wp-elements-3252024cc6fc2def4640b7e39c8e9f9a\"><strong>Amateurs de p\u00eache, <\/strong>petits ou grands, vous \u00eates dans le <a href=\"https:\/\/www.camping-tremolat.com\/en\/ecological-camping-dordogne\/\" data-type=\"page\" data-id=\"9\">camping \u00e9cologique en Dordogne<\/a> id\u00e9al pour <strong>profiter de votre passion<\/strong>. <\/p>\n\n\n\n<p class=\"has-custom-color-3-color has-text-color has-link-color wp-elements-3c5dc7e2e377a53ba684dfb9596a168c\">Embarquez votre canne et votre mat\u00e9riel de p\u00eache pour attraper une multitude de poissons directement depuis le <a href=\"https:\/\/www.camping-tremolat.com\/en\/cheap-campsite-dordogne\/\" data-type=\"page\" data-id=\"16\">camping pas cher de Dordogne<\/a>, <strong>Les Berges de la Dordogne<\/strong>, gr\u00e2ce \u00e0 un acc\u00e8s direct \u00e0 la rivi\u00e8re. <\/p>\n\n\n\n<p class=\"has-custom-color-3-color has-text-color has-link-color wp-elements-c52e376ac7a57bb8f4aecefa98b4d1e3\">A <strong>pond on the campsite<\/strong> is ideal for young children to learn to fish, accompanied by an adult.  <\/p>\n<\/div>\n<\/div>\n<\/div>\n<\/section>\n\n<section class=\"wp-block-group home-fifth page-fifth is-layout-flow wp-block-group-is-layout-flow\" style=\"margin-top:-1em;margin-bottom:4rem;padding-bottom:var(--wp--preset--spacing--40)\">\n<figure class=\"wp-block-image size-full is-resized pool-img reveal\"><img decoding=\"async\" width=\"1861\" height=\"1396\" src=\"https:\/\/www.camping-tremolat.com\/wp-content\/uploads\/2025\/05\/plages-de-riviere.webp\" alt=\"river beaches\" class=\"wp-image-8012\" style=\"width:auto;height:850px\" srcset=\"https:\/\/www.camping-tremolat.com\/wp-content\/uploads\/2025\/05\/plages-de-riviere.webp 1861w, https:\/\/www.camping-tremolat.com\/wp-content\/uploads\/2025\/05\/plages-de-riviere-300x225.webp 300w, https:\/\/www.camping-tremolat.com\/wp-content\/uploads\/2025\/05\/plages-de-riviere-1024x768.webp 1024w, https:\/\/www.camping-tremolat.com\/wp-content\/uploads\/2025\/05\/plages-de-riviere-768x576.webp 768w, https:\/\/www.camping-tremolat.com\/wp-content\/uploads\/2025\/05\/plages-de-riviere-1536x1152.webp 1536w\" sizes=\"(max-width: 1861px) 100vw, 1861px\" \/><\/figure>\n\n\n\n<div class=\"wp-block-group anim-text has-global-padding is-layout-constrained wp-block-group-is-layout-constrained\" style=\"padding-top:var(--wp--preset--spacing--30)\">\n<h2 class=\"wp-block-heading has-text-align-center has-custom-color-5-color has-text-color has-link-color wp-elements-526c49d0899a73ce582c442b910e6c14\"><strong>Relax on the<\/strong> river <strong>beaches<\/strong> near the campsite<\/h2>\n\n\n\n<p class=\"has-text-align-center\">Profitez pleinement de votre <a href=\"https:\/\/www.camping-tremolat.com\/en\/tourism-tremolat\/\" data-type=\"page\" data-id=\"17\">s\u00e9jour \u00e0 Tr\u00e9molat<\/a> au <a href=\"https:\/\/www.camping-tremolat.com\/en\/4-star-campsite-dordogne\/\" data-type=\"page\" data-id=\"7\">camping 4 \u00e9toiles en Dordogne<\/a>, au c\u0153ur du P\u00e9rigord noir et d\u00e9tendez-vous sur les plages de rivi\u00e8re \u00e0 proximit\u00e9.\u00a0<\/p>\n\n\n\n<p class=\"has-text-align-center has-link-color wp-elements-212f00edc470845d3ca8b7f7812051a4\">Close to our campsite in the Dordogne, two magnificent beaches await you: the Bac de Sors in Limeuil and the Plage Pont de Vicq in Le Buisson-de-Cadouin. These riverside beaches are perfect for relaxing, sunbathing and swimming in complete tranquillity.   <\/p>\n\n\n\n<p class=\"has-text-align-center has-link-color wp-elements-10b61d0678f86e8c2f5a6fddadb316d4\">These peaceful spots, in the heart of P\u00e9rigord Noir, are ideal for a day out with family or friends, discovering the region&#8217;s exceptional natural landscapes. The perfect setting to enrich your vacation in the Dordogne. <\/p>\n<\/div>\n<\/section>\n\n<section class=\"wp-block-group page-maillage has-global-padding is-layout-constrained wp-block-group-is-layout-constrained\" style=\"padding-top:4rem;padding-bottom:var(--wp--preset--spacing--60)\">\n<div class=\"wp-block-group handmade-title is-layout-flow wp-block-group-is-layout-flow\" style=\"margin-bottom:0;padding-top:4rem;padding-right:0rem;padding-bottom:3rem;padding-left:0rem\">\n<p class=\"handmade-title-p has-custom-color-2-color has-text-color has-link-color has-magnolia-script-font-family wp-elements-62c11b3982307373a87545c7dde10759\" style=\"font-size:clamp(1.502rem, 1.502rem + ((1vw - 0.2rem) * 1.353), 2.5rem);line-height:0;text-transform:capitalize\">Discover<\/p>\n\n\n\n<p class=\"handmade-title-p has-custom-color-2-color has-text-color has-link-color has-retcaro-font-family wp-elements-cb0cdd7a9ec34ef1196eb4b9ef8d81e0\" style=\"font-size:clamp(1.25rem, 1.25rem + ((1vw - 0.2rem) * 1.017), 2rem);line-height:0.9\">our pitches, mobile homes and fishing in the Dordogne<\/p>\n<\/div>\n\n\n\n<div data-wp-context=\"{}\" data-wp-interactive=\"core\/query\" data-wp-key=\"1\" data-wp-router-region=\"query-1\" class=\"wp-block-query alignwide gt-fse-maillage-query is-layout-flow wp-block-query-is-layout-flow\"><ul class=\"columns-3 wp-block-post-template is-layout-grid wp-container-core-post-template-is-layout-6d3fbd8f wp-block-post-template-is-layout-grid\"><li data-wp-key=\"post-template-item-8648\" class=\"wp-block-post post-8648 page type-page status-publish has-post-thumbnail hentry\">\n\n<div class=\"wp-block-group has-global-padding is-layout-constrained wp-block-group-is-layout-constrained\" style=\"border-top-right-radius:10rem\">\n<figure class=\"wp-block-image has-custom-border maillage-img\"><img decoding=\"async\" src=\"https:\/\/www.camping-tremolat.com\/wp-content\/uploads\/2025\/04\/location-emplacement.jpg\" alt=\"Our locations\" style=\"border-top-right-radius:5rem\"\/><\/figure>\n\n\n\n<p class=\"maillage-title has-border-color has-base-2-color has-text-color has-link-color has-medium-font-size wp-elements-213efc7d676bbb9479df1f5a5804d786\" style=\"border-color:#819971;border-width:1px;border-radius:50px;padding-top:var(--wp--preset--spacing--20);padding-right:var(--wp--preset--spacing--30);padding-bottom:var(--wp--preset--spacing--20);padding-left:var(--wp--preset--spacing--40);text-transform:uppercase\">Our locations<\/p>\n\n\n<a class=\"is-style-lien-cover wp-block-read-more\" href=\"https:\/\/www.camping-tremolat.com\/en\/pitches-rental-dordogne\/\" target=\"_self\">Read more<span class=\"screen-reader-text\">: Our pitches<\/span><\/a><\/div>\n\n<\/li><li data-wp-key=\"post-template-item-8588\" class=\"wp-block-post post-8588 page type-page status-publish has-post-thumbnail hentry\">\n\n<div class=\"wp-block-group has-global-padding is-layout-constrained wp-block-group-is-layout-constrained\" style=\"border-top-right-radius:10rem\">\n<figure class=\"wp-block-image has-custom-border maillage-img\"><img decoding=\"async\" src=\"https:\/\/www.camping-tremolat.com\/wp-content\/uploads\/2025\/04\/location-mh-perigueux.jpg\" alt=\"Our mobile homes\" style=\"border-top-right-radius:5rem\"\/><\/figure>\n\n\n\n<p class=\"maillage-title has-border-color has-base-2-color has-text-color has-link-color has-medium-font-size wp-elements-213efc7d676bbb9479df1f5a5804d786\" style=\"border-color:#819971;border-width:1px;border-radius:50px;padding-top:var(--wp--preset--spacing--20);padding-right:var(--wp--preset--spacing--30);padding-bottom:var(--wp--preset--spacing--20);padding-left:var(--wp--preset--spacing--40);text-transform:uppercase\">Our mobile homes<\/p>\n\n\n<a class=\"is-style-lien-cover wp-block-read-more\" href=\"https:\/\/www.camping-tremolat.com\/en\/mobile-home-rentals-dordogne\/\" target=\"_self\">Read more<span class=\"screen-reader-text\">: Our mobile homes<\/span><\/a><\/div>\n\n<\/li><li data-wp-key=\"post-template-item-8464\" class=\"wp-block-post post-8464 page type-page status-publish has-post-thumbnail hentry\">\n\n<div class=\"wp-block-group has-global-padding is-layout-constrained wp-block-group-is-layout-constrained\" style=\"border-top-right-radius:10rem\">\n<figure class=\"wp-block-image has-custom-border maillage-img\"><img decoding=\"async\" src=\"https:\/\/www.camping-tremolat.com\/wp-content\/uploads\/2025\/04\/peche-camping-perigueux.jpg\" alt=\"Fishing\" style=\"border-top-right-radius:5rem\"\/><\/figure>\n\n\n\n<p class=\"maillage-title has-border-color has-base-2-color has-text-color has-link-color has-medium-font-size wp-elements-213efc7d676bbb9479df1f5a5804d786\" style=\"border-color:#819971;border-width:1px;border-radius:50px;padding-top:var(--wp--preset--spacing--20);padding-right:var(--wp--preset--spacing--30);padding-bottom:var(--wp--preset--spacing--20);padding-left:var(--wp--preset--spacing--40);text-transform:uppercase\">Fishing<\/p>\n\n\n<a class=\"is-style-lien-cover wp-block-read-more\" href=\"https:\/\/www.camping-tremolat.com\/en\/fishing-campsite-dordogne\/\" target=\"_self\">Read more<span class=\"screen-reader-text\">: Fishing<\/span><\/a><\/div>\n\n<\/li><\/ul><\/div>\n<\/section>\n","protected":false},"excerpt":{"rendered":"<p>Your stay at a riverside campsite in the Dordogne Along the river from our campsite in Tr\u00e9molat D\u00e9couvrez l\u2019un des meilleurs campings pr\u00e9sents au c\u0153ur de la vall\u00e9e de la Dordogne, le camping de Dordogne Les Berges de la Dordogne. Situ\u00e9 \u00e0 Tr\u00e9molat, nich\u00e9 entre Sarlat et Bergerac, ce camping en bord de rivi\u00e8re vous [&hellip;]<\/p>\n","protected":false},"author":1,"featured_media":7993,"parent":0,"menu_order":0,"comment_status":"closed","ping_status":"closed","template":"","meta":{"_acf_changed":false,"_seopress_robots_primary_cat":"","_seopress_titles_title":"Campsite Dordogne riverside | Water activities, fishing","_seopress_titles_desc":"Discover our riverside campsite and the aquatic activities nearby. Come and spend your vacations in the Dordogne and enjoy the peace and nature of the P\u00e9rigord Noir. ","_seopress_robots_index":"","_gt_ctv_global_id":"14477","_gt_ctv_id_group":false,"inline_featured_image":false,"gt_fse_maillage_image":"https:\/\/www.camping-tremolat.com\/wp-content\/uploads\/2025\/04\/bord-de-riviere-dordogne.jpg","gt_fse_maillage_titre":"Riverside","gt_fse_maillage_alt":"Dordogne river bank","gt_fse_maillage_resume":"","footnotes":""},"categories":[],"tags":[],"class_list":["post-8376","page","type-page","status-publish","has-post-thumbnail","hentry"],"acf":[],"_links":{"self":[{"href":"https:\/\/www.camping-tremolat.com\/en\/wp-json\/wp\/v2\/pages\/8376","targetHints":{"allow":["GET"]}}],"collection":[{"href":"https:\/\/www.camping-tremolat.com\/en\/wp-json\/wp\/v2\/pages"}],"about":[{"href":"https:\/\/www.camping-tremolat.com\/en\/wp-json\/wp\/v2\/types\/page"}],"author":[{"embeddable":true,"href":"https:\/\/www.camping-tremolat.com\/en\/wp-json\/wp\/v2\/users\/1"}],"replies":[{"embeddable":true,"href":"https:\/\/www.camping-tremolat.com\/en\/wp-json\/wp\/v2\/comments?post=8376"}],"version-history":[{"count":13,"href":"https:\/\/www.camping-tremolat.com\/en\/wp-json\/wp\/v2\/pages\/8376\/revisions"}],"predecessor-version":[{"id":9051,"href":"https:\/\/www.camping-tremolat.com\/en\/wp-json\/wp\/v2\/pages\/8376\/revisions\/9051"}],"wp:featuredmedia":[{"embeddable":true,"href":"https:\/\/www.camping-tremolat.com\/en\/wp-json\/wp\/v2\/media\/7993"}],"wp:attachment":[{"href":"https:\/\/www.camping-tremolat.com\/en\/wp-json\/wp\/v2\/media?parent=8376"}],"wp:term":[{"taxonomy":"category","embeddable":true,"href":"https:\/\/www.camping-tremolat.com\/en\/wp-json\/wp\/v2\/categories?post=8376"},{"taxonomy":"post_tag","embeddable":true,"href":"https:\/\/www.camping-tremolat.com\/en\/wp-json\/wp\/v2\/tags?post=8376"}],"curies":[{"name":"wp","href":"https:\/\/api.w.org\/{rel}","templated":true}]}}