{"id":8482,"date":"2025-04-23T10:07:19","date_gmt":"2025-04-23T10:07:19","guid":{"rendered":"https:\/\/www.camping-tremolat.com\/campsite-perigord-noir\/"},"modified":"2025-06-11T08:49:12","modified_gmt":"2025-06-11T08:49:12","slug":"campsite-perigord-noir","status":"publish","type":"page","link":"https:\/\/www.camping-tremolat.com\/en\/campsite-perigord-noir\/","title":{"rendered":"Campsite P\u00e9rigord Noir"},"content":{"rendered":"\n<section class=\"wp-block-group home-intro page-intro is-layout-flow wp-block-group-is-layout-flow\" style=\"margin-top:5rem;margin-bottom:var(--wp--preset--spacing--50);padding-bottom:5rem\">\n<div class=\"wp-block-columns is-layout-flex wp-container-core-columns-is-layout-28f84493 wp-block-columns-is-layout-flex\">\n<div class=\"wp-block-column middle is-layout-flow wp-block-column-is-layout-flow\">\n<div class=\"wp-block-group is-vertical is-nowrap is-layout-flex wp-container-core-group-is-layout-6fe931d8 wp-block-group-is-layout-flex\">\n<div class=\"wp-block-group anim-text text is-layout-flow wp-block-group-is-layout-flow\" style=\"margin-bottom:var(--wp--preset--spacing--40);padding-right:7rem;padding-left:var(--wp--preset--spacing--40)\">\n<h1 class=\"wp-block-heading\" style=\"margin-bottom:var(--wp--preset--spacing--30)\">Welcome to Les Berges de la Dordogne campsite in <strong>Tr\u00e9molat in the heart of P\u00e9rigord Noir<\/strong><\/h1>\n\n\n\n<p>Between nature and countryside.<strong>The P\u00e9rigord Noir<\/strong> is an ideal destination for a <strong> quiet<\/strong> vacation <strong> with family or friends<\/strong>. For your stay in this magnificent <strong>Dordogne Valley<\/strong>, book into our <a href=\"https:\/\/www.camping-tremolat.com\/en\/\" data-type=\"page\" data-id=\"5\">4-star Dordogne campsite<\/a> in Tr\u00e9molat, <strong>an estate <\/strong>nestled in the heart of the Dordogne Valley.  <\/p>\n\n\n\n<p>Our <strong>P\u00e9rigord Noir campsite<\/strong> is located on the banks of the river, making it an ideal place to stay for fishing enthusiasts. Of course, other activities will also delight holidaymakers, with our <strong>aquatic area<\/strong> and the <strong>wide range of entertainment <\/strong>on offer. <\/p>\n<\/div>\n\n\n\n<figure class=\"wp-block-image size-full has-custom-border reveal\"><img decoding=\"async\" width=\"870\" height=\"581\" src=\"https:\/\/www.camping-tremolat.com\/wp-content\/uploads\/2025\/05\/location-camping-perigord-noir.jpg\" alt=\"rental camping perigord noir\" class=\"wp-image-7700\" style=\"border-top-left-radius:8rem;border-top-right-radius:0px;border-bottom-right-radius:8rem\" srcset=\"https:\/\/www.camping-tremolat.com\/wp-content\/uploads\/2025\/05\/location-camping-perigord-noir.jpg 870w, https:\/\/www.camping-tremolat.com\/wp-content\/uploads\/2025\/05\/location-camping-perigord-noir-300x200.jpg 300w, https:\/\/www.camping-tremolat.com\/wp-content\/uploads\/2025\/05\/location-camping-perigord-noir-768x513.jpg 768w\" sizes=\"(max-width: 870px) 100vw, 870px\" \/><\/figure>\n<\/div>\n<\/div>\n\n\n\n<div class=\"wp-block-column right is-layout-flow wp-block-column-is-layout-flow\">\n<div class=\"wp-block-group is-vertical is-content-justification-left is-nowrap is-layout-flex wp-container-core-group-is-layout-87328470 wp-block-group-is-layout-flex\">\n<figure class=\"wp-block-image size-full is-resized has-custom-border reveal\"><img decoding=\"async\" width=\"870\" height=\"750\" src=\"https:\/\/www.camping-tremolat.com\/wp-content\/uploads\/2025\/05\/camping-dans-le-perigord-noir.jpg\" alt=\"camping in the perigord noir\" class=\"wp-image-7696\" style=\"border-top-left-radius:8rem;border-bottom-right-radius:8rem;width:auto;height:750px\" srcset=\"https:\/\/www.camping-tremolat.com\/wp-content\/uploads\/2025\/05\/camping-dans-le-perigord-noir.jpg 870w, https:\/\/www.camping-tremolat.com\/wp-content\/uploads\/2025\/05\/camping-dans-le-perigord-noir-300x259.jpg 300w, https:\/\/www.camping-tremolat.com\/wp-content\/uploads\/2025\/05\/camping-dans-le-perigord-noir-768x662.jpg 768w\" sizes=\"(max-width: 870px) 100vw, 870px\" \/><\/figure>\n<\/div>\n\n\n\n<div class=\"wp-block-group titre-deco is-nowrap is-layout-flex wp-container-core-group-is-layout-0f072f70 wp-block-group-is-layout-flex\" style=\"padding-top:var(--wp--preset--spacing--40);padding-left:8rem\">\n<div class=\"wp-block-group handmade-title is-vertical is-layout-flex wp-container-core-group-is-layout-4ece205d wp-block-group-is-layout-flex\" style=\"margin-bottom:0\">\n<p class=\"handmade-title-p has-custom-color-5-color has-text-color has-link-color wp-elements-7906dab8faf45c970d9c56d57bd74505\" style=\"font-size:clamp(1.502rem, 1.502rem + ((1vw - 0.2rem) * 1.353), 2.5rem);line-height:0;text-transform:uppercase\">discover the<\/p>\n\n\n\n<p class=\"handmade-title-p has-custom-color-5-color has-text-color has-link-color has-magnolia-script-font-family wp-elements-b5e349fec23ee0b3703ada5438253b98\" style=\"font-size:clamp(2.835rem, 2.835rem + ((1vw - 0.2rem) * 3.614), 5.5rem);line-height:0.9\">Black P\u00e9rigord<\/p>\n<\/div>\n<\/div>\n<\/div>\n<\/div>\n<\/section>\n\n<section class=\"wp-block-group home-second page-second has-custom-color-5-background-color has-background is-layout-flow wp-block-group-is-layout-flow\" style=\"padding-top:var(--wp--preset--spacing--60);padding-bottom:12rem\">\n<div class=\"wp-block-columns is-layout-flex wp-container-core-columns-is-layout-658170e2 wp-block-columns-is-layout-flex\">\n<div class=\"wp-block-column is-vertically-aligned-center is-layout-flow wp-block-column-is-layout-flow\" style=\"padding-right:var(--wp--preset--spacing--20);padding-left:var(--wp--preset--spacing--60);flex-basis:40%\">\n<div class=\"wp-block-group anim-text is-vertical is-nowrap is-layout-flex wp-container-core-group-is-layout-3aa504c0 wp-block-group-is-layout-flex\">\n<h2 class=\"wp-block-heading has-base-2-color has-text-color has-link-color wp-elements-fad2af6bcdc8d5db2e75dc539a8ea757\"><strong>Rent a mobile<\/strong> home in the Dordogne<\/h2>\n\n\n\n<p class=\"has-base-2-color has-text-color has-link-color wp-elements-bcd20db7a6a663462efef5e7f6d08d72\">During your camping vacation in the Nouvelle-Aquitaine region, enjoy the <strong>comfort of a mobile home<\/strong> just like at home by reserving one of our fully-equipped models. Each mobile home has a fully-equipped kitchen with fridge, hob, coffee maker, etc., and sanitary facilities with bathroom and separate WC. <\/p>\n\n\n\n<p class=\"has-base-2-color has-text-color has-link-color wp-elements-e2f42a31061277a2863cc45328a02222\">We offer <a href=\"https:\/\/www.camping-tremolat.com\/en\/mobile-home-rentals-dordogne\/\" data-type=\"page\" data-id=\"14\">a choice of 4 mobile-home models<\/a>: <strong>Loggia, Tr\u00e9molat, Rivi\u00e9ra and Bahia<\/strong> (new in 2023). Depending on the number of guests and the level of comfort required, mobile homes at our <strong>P\u00e9rigord Noir campsite<\/strong> range in size from 25 m\u00b2 to 33 m\u00b2, and are available in the <strong>Comfort, Comfort+ and Premium ranges<\/strong>.   <\/p>\n\n\n\n<p class=\"has-base-2-color has-text-color has-link-color wp-elements-69679586b06827f9a8a23b43b4701dc8\">Our mobile homes have 2 or 3 bedrooms and can <strong>accommodate 2 to 6 people<\/strong>. The mobile homes feature a <strong>cosy wooden design<\/strong>, a modern interior and a <strong>covered terrace<\/strong>. <\/p>\n<\/div>\n<\/div>\n\n\n\n<div class=\"wp-block-column has-global-padding is-layout-constrained wp-container-core-column-is-layout-9cf94856 wp-block-column-is-layout-constrained\" style=\"padding-right:var(--wp--preset--spacing--50);padding-left:var(--wp--preset--spacing--30);flex-basis:60%\">\n<figure class=\"wp-block-image size-full is-resized has-custom-border reveal\"><img decoding=\"async\" width=\"878\" height=\"586\" src=\"https:\/\/www.camping-tremolat.com\/wp-content\/uploads\/2025\/04\/location-mh-camping-dordogne.jpg\" alt=\"rental mh camping dordogne\" class=\"wp-image-6916\" style=\"border-top-left-radius:8rem;border-bottom-right-radius:8rem;width:auto;height:600px\" srcset=\"https:\/\/www.camping-tremolat.com\/wp-content\/uploads\/2025\/04\/location-mh-camping-dordogne.jpg 878w, https:\/\/www.camping-tremolat.com\/wp-content\/uploads\/2025\/04\/location-mh-camping-dordogne-300x200.jpg 300w, https:\/\/www.camping-tremolat.com\/wp-content\/uploads\/2025\/04\/location-mh-camping-dordogne-768x513.jpg 768w\" sizes=\"(max-width: 878px) 100vw, 878px\" \/><\/figure>\n<\/div>\n<\/div>\n<\/section>\n\n<section class=\"wp-block-group home-second page-second reverse is-layout-flow wp-block-group-is-layout-flow\" style=\"padding-top:var(--wp--preset--spacing--30);padding-bottom:var(--wp--preset--spacing--40)\">\n<div class=\"wp-block-columns is-layout-flex wp-container-core-columns-is-layout-658170e2 wp-block-columns-is-layout-flex\">\n<div class=\"wp-block-column has-global-padding is-layout-constrained wp-container-core-column-is-layout-1c074333 wp-block-column-is-layout-constrained\" style=\"padding-top:var(--wp--preset--spacing--50);padding-right:var(--wp--preset--spacing--30);padding-bottom:var(--wp--preset--spacing--50);padding-left:var(--wp--preset--spacing--30);flex-basis:60%\">\n<figure class=\"wp-block-image size-full is-resized has-custom-border reveal\"><img decoding=\"async\" width=\"960\" height=\"600\" src=\"https:\/\/www.camping-tremolat.com\/wp-content\/uploads\/2025\/04\/louer-emplacement-dordogne.jpg\" alt=\"rent location dordogne\" class=\"wp-image-7001\" style=\"border-top-left-radius:8rem;border-bottom-right-radius:8rem;width:auto;height:600px\" srcset=\"https:\/\/www.camping-tremolat.com\/wp-content\/uploads\/2025\/04\/louer-emplacement-dordogne.jpg 960w, https:\/\/www.camping-tremolat.com\/wp-content\/uploads\/2025\/04\/louer-emplacement-dordogne-300x188.jpg 300w, https:\/\/www.camping-tremolat.com\/wp-content\/uploads\/2025\/04\/louer-emplacement-dordogne-768x480.jpg 768w\" sizes=\"(max-width: 960px) 100vw, 960px\" \/><\/figure>\n<\/div>\n\n\n\n<div class=\"wp-block-column is-vertically-aligned-center is-layout-flow wp-block-column-is-layout-flow\" style=\"padding-right:var(--wp--preset--spacing--60);padding-left:var(--wp--preset--spacing--20);flex-basis:40%\">\n<div class=\"wp-block-group anim-text is-vertical is-nowrap is-layout-flex wp-container-core-group-is-layout-3aa504c0 wp-block-group-is-layout-flex\">\n<h2 class=\"wp-block-heading has-custom-color-5-color has-text-color has-link-color wp-elements-cb97f877f8ec5ea5191bdf9f7fdb4137\"><strong>Rent a camps<\/strong> ite in P\u00e9rigord Noir<\/h2>\n\n\n\n<p class=\"has-custom-color-3-color has-text-color has-link-color wp-elements-b11b9ac19be271d225548d8367c666f6\">The climate in the Nouvelle-Aquitaine region is perfectly suited to <strong>outdoor vacations<\/strong>. So get into the <strong>traditional camping<\/strong> spirit by reserving your pitch at camping Tr\u00e9molat. The green spaces at our <a href=\"https:\/\/www.camping-tremolat.com\/en\/camping-bergerac\/\" data-type=\"page\" data-id=\"6574\">campsite near Bergerac<\/a> have been laid out so that holidaymakers can <strong>set up their caravan<\/strong>, motorhome or tent. Each area is <strong>bordered by hedges and trees<\/strong>, so you can enjoy a certain degree of privacy.   <\/p>\n\n\n\n<p><a href=\"https:\/\/www.camping-tremolat.com\/en\/pitches-rental-dordogne\/\" data-type=\"page\" data-id=\"15\">A number of pitches<\/a> are just a few meters from the <strong>river<\/strong>. For your <strong>nomadic vacation<\/strong> at our <strong>P\u00e9rigord Noir campsite<\/strong>, you can also <strong>go fishing<\/strong>. Maybe you&#8217;ll catch some trout or salmon to prepare for dinner?  <\/p>\n\n\n\n<p class=\"has-custom-color-3-color has-text-color has-link-color wp-elements-284a75f7c61fca3ddf0bb7580d46134b\">Finally, please note that the pitches at our <a href=\"https:\/\/www.camping-tremolat.com\/en\/camping-perigueux\/\" data-type=\"page\" data-id=\"6570\">campsite near P\u00e9rigueux<\/a> are <strong>close to the campsite&#8217;s sanitary blocks and activity centers<\/strong>.<\/p>\n<\/div>\n<\/div>\n<\/div>\n<\/section>\n\n<section class=\"wp-block-group home-fifth page-fifth is-layout-flow wp-block-group-is-layout-flow\" style=\"margin-top:-1em;margin-bottom:4rem;padding-bottom:var(--wp--preset--spacing--40)\">\n<figure class=\"wp-block-image size-full is-resized pool-img reveal\"><img decoding=\"async\" width=\"2000\" height=\"1333\" src=\"https:\/\/www.camping-tremolat.com\/wp-content\/uploads\/2025\/05\/camping-piscine-dordogne.webp\" alt=\"camping pool dordogne\" class=\"wp-image-7980\" style=\"width:auto;height:850px\" srcset=\"https:\/\/www.camping-tremolat.com\/wp-content\/uploads\/2025\/05\/camping-piscine-dordogne.webp 2000w, https:\/\/www.camping-tremolat.com\/wp-content\/uploads\/2025\/05\/camping-piscine-dordogne-300x200.webp 300w, https:\/\/www.camping-tremolat.com\/wp-content\/uploads\/2025\/05\/camping-piscine-dordogne-1024x682.webp 1024w, https:\/\/www.camping-tremolat.com\/wp-content\/uploads\/2025\/05\/camping-piscine-dordogne-768x512.webp 768w, https:\/\/www.camping-tremolat.com\/wp-content\/uploads\/2025\/05\/camping-piscine-dordogne-1536x1024.webp 1536w\" sizes=\"(max-width: 2000px) 100vw, 2000px\" \/><\/figure>\n\n\n\n<div class=\"wp-block-group anim-text has-global-padding is-layout-constrained wp-block-group-is-layout-constrained\" style=\"padding-top:var(--wp--preset--spacing--30)\">\n<h2 class=\"wp-block-heading has-text-align-center has-custom-color-5-color has-text-color has-link-color wp-elements-f03bec37d7a3ce5551d52cb83f2002be\"><strong>Campsite with heated pool<\/strong> in P\u00e9rigord Noir<\/h2>\n\n\n\n<p class=\"has-text-align-center has-link-color wp-elements-059cafffef4befa87a4b8ee727923f5d\">During a stay at the <strong>Berges de la Dordogne campsite<\/strong>, holidaymakers can enjoy a swim in <strong>the 2 large outdoor pools<\/strong>in the aquatic area. A great way to cool off in <strong>the region&#8217;s beautiful climate<\/strong>! <\/p>\n\n\n\n<p>The <a href=\"https:\/\/www.camping-tremolat.com\/en\/camping-with-aquatic-area\/\" data-type=\"page\" data-id=\"11\">campsite&#8217;s first swimming pool is heated<\/a> (for those who are chilly), while the second is not. As for children, they can have fun in <strong>the paddling pool, with a<\/strong> fun <strong>slide<\/strong> installed next to the large pools. Parents can keep an eye on their little ones from their <strong>deckchair by the pool<\/strong>.  <\/p>\n\n\n\n<p class=\"has-text-align-center has-link-color wp-elements-f340f6cf1353cc98e514bf5db21ccca1\">Like most of our facilities, our <strong>P\u00e9rigord Noir campsite<\/strong> &#8216;s<strong>water park<\/strong> is <strong>located<\/strong> <a href=\"https:\/\/www.camping-tremolat.com\/en\/dordogne-valley\/\" data-type=\"page\" data-id=\"18\">on the banks of the Dordogne<\/a>. So if you&#8217;re enjoying a moment of idleness or<strong>sunbathing<\/strong> on the pool deck, you can kill time watching the <strong>various water sports<\/strong> taking place on the river beside our <a href=\"https:\/\/www.camping-tremolat.com\/en\/campsite-perigord-noir\/camping-gouffre-de-proumeyssac\/\" data-type=\"page\" data-id=\"6562\">campsite near the Gouffre de Proumeyssac<\/a>. <\/p>\n<\/div>\n<\/section>\n\n<section class=\"wp-block-group home-second page-second reverse has-custom-color-4-background-color has-background is-layout-flow wp-block-group-is-layout-flow\" style=\"padding-top:var(--wp--preset--spacing--30);padding-bottom:var(--wp--preset--spacing--40)\">\n<div class=\"wp-block-columns is-layout-flex wp-container-core-columns-is-layout-658170e2 wp-block-columns-is-layout-flex\">\n<div class=\"wp-block-column is-vertically-aligned-center is-layout-flow wp-block-column-is-layout-flow\" style=\"padding-right:0;padding-left:var(--wp--preset--spacing--60);flex-basis:40%\">\n<div class=\"wp-block-group anim-text is-vertical is-nowrap is-layout-flex wp-container-core-group-is-layout-7d49d51e wp-block-group-is-layout-flex\" style=\"padding-left:2rem\">\n<h2 class=\"wp-block-heading has-text-align-left has-custom-color-5-color has-text-color has-link-color wp-elements-f566bba6711a189e85f5646b0972fcfa\"><strong>Visit<\/strong> the P\u00e9rigord Noir<\/h2>\n\n\n\n<p class=\"has-text-align-left\">Take advantage of your stay at the <a href=\"https:\/\/www.camping-tremolat.com\/en\/campsite-perigord-noir\/camping-maxange-caves\/\" data-type=\"page\" data-id=\"6566\">campsite near Les Grottes de Maxange<\/a> to discover the treasures of the P\u00e9rigord Noir. The region is particularly rich in <strong>prehistoric and medieval remains<\/strong>. The <strong>Lascaux cave<\/strong> and its <strong>parietal art<\/strong>, for example, is a popular tourist site in the area, as are the Gouffre de Proumeyssac and the Grottes de Maxange.  <\/p>\n\n\n\n<p>You can also escape for a moment to the green, literally, in the <strong>Jardins d&#8217;Eyrignac<\/strong>. Well-tended lawns, meticulously carved <strong>plant sculptures<\/strong>, fountains&#8230; these are just some of the elements that will help you recharge your batteries. <\/p>\n\n\n\n<p>A visit to <a href=\"https:\/\/www.camping-tremolat.com\/en\/campsite-perigord-noir\/camping-sarlat\/\" data-type=\"page\" data-id=\"6558\">Sarlat<\/a>,<strong> 34 km<\/strong> from your <strong>P\u00e9rigord Noir campsite<\/strong>, is also <strong>a must<\/strong>. How about a stroll through the cobbled streets of the old town? You&#8217;ll discover the <strong>Maison de la Bo\u00e9tie<\/strong> and the<strong> Manoir de Gisson<\/strong>, two great landmarks of this capital of P\u00e9rigord Noir.  <\/p>\n\n\n\n<p class=\"has-text-align-left\">You&#8217;ll also have the chance to visit many of P\u00e9rigord Noir&#8217;s iconic towns, such as Bergerac and P\u00e9rigueux.<\/p>\n<\/div>\n<\/div>\n\n\n\n<div class=\"wp-block-column has-global-padding is-layout-constrained wp-container-core-column-is-layout-1c074333 wp-block-column-is-layout-constrained\" style=\"padding-top:var(--wp--preset--spacing--50);padding-right:var(--wp--preset--spacing--30);padding-bottom:var(--wp--preset--spacing--50);padding-left:var(--wp--preset--spacing--30);flex-basis:60%\">\n<figure class=\"wp-block-image size-full is-resized has-custom-border reveal\"><img decoding=\"async\" width=\"886\" height=\"600\" src=\"https:\/\/www.camping-tremolat.com\/wp-content\/uploads\/2025\/05\/faire-du-canoe-dans-le-perigord-noir.jpg\" alt=\"canoeing in the perigord noir\" class=\"wp-image-7704\" style=\"border-top-left-radius:8rem;border-bottom-right-radius:8rem;width:auto;height:600px\" srcset=\"https:\/\/www.camping-tremolat.com\/wp-content\/uploads\/2025\/05\/faire-du-canoe-dans-le-perigord-noir.jpg 886w, https:\/\/www.camping-tremolat.com\/wp-content\/uploads\/2025\/05\/faire-du-canoe-dans-le-perigord-noir-300x203.jpg 300w, https:\/\/www.camping-tremolat.com\/wp-content\/uploads\/2025\/05\/faire-du-canoe-dans-le-perigord-noir-768x520.jpg 768w\" sizes=\"(max-width: 886px) 100vw, 886px\" \/><\/figure>\n<\/div>\n<\/div>\n<\/section>\n\n<section class=\"wp-block-group page-maillage has-global-padding is-layout-constrained wp-block-group-is-layout-constrained\" style=\"padding-top:4rem;padding-bottom:var(--wp--preset--spacing--60)\">\n<div class=\"wp-block-group handmade-title is-layout-flow wp-block-group-is-layout-flow\" style=\"margin-bottom:0;padding-top:4rem;padding-right:0rem;padding-bottom:3rem;padding-left:0rem\">\n<p class=\"handmade-title-p has-custom-color-2-color has-text-color has-link-color has-magnolia-script-font-family wp-elements-62c11b3982307373a87545c7dde10759\" style=\"font-size:clamp(1.502rem, 1.502rem + ((1vw - 0.2rem) * 1.353), 2.5rem);line-height:0;text-transform:capitalize\">Discover<\/p>\n\n\n\n<p class=\"handmade-title-p has-custom-color-2-color has-text-color has-link-color has-retcaro-font-family wp-elements-376539a8fb7658df703e76328bab93ac\" style=\"font-size:clamp(1.25rem, 1.25rem + ((1vw - 0.2rem) * 1.017), 2rem);line-height:0.9\">our campsite in Dordogne<\/p>\n<\/div>\n\n\n\n<div data-wp-context=\"{}\" data-wp-interactive=\"core\/query\" data-wp-key=\"1\" data-wp-router-region=\"query-1\" class=\"wp-block-query alignwide gt-fse-maillage-query is-layout-flow wp-block-query-is-layout-flow\"><ul class=\"columns-3 wp-block-post-template is-layout-grid wp-container-core-post-template-is-layout-6d3fbd8f wp-block-post-template-is-layout-grid\"><li data-wp-key=\"post-template-item-8392\" class=\"wp-block-post post-8392 page type-page status-publish has-post-thumbnail hentry\">\n\n<div class=\"wp-block-group has-global-padding is-layout-constrained wp-block-group-is-layout-constrained\" style=\"border-top-right-radius:10rem\">\n<figure class=\"wp-block-image has-custom-border maillage-img\"><img decoding=\"async\" src=\"https:\/\/www.camping-tremolat.com\/wp-content\/uploads\/2025\/05\/gonflable-activites-enfants-camping-Dordogne.webp\" alt=\"Activities and entertainment\" style=\"border-top-right-radius:5rem\" \/><\/figure>\n\n\n\n<p class=\"maillage-title has-border-color has-base-2-color has-text-color has-link-color has-medium-font-size wp-elements-213efc7d676bbb9479df1f5a5804d786\" style=\"border-color:#819971;border-width:1px;border-radius:50px;padding-top:var(--wp--preset--spacing--20);padding-right:var(--wp--preset--spacing--30);padding-bottom:var(--wp--preset--spacing--20);padding-left:var(--wp--preset--spacing--40);text-transform:uppercase\">Activities and entertainment<\/p>\n\n\n<a class=\"is-style-lien-cover wp-block-read-more\" href=\"https:\/\/www.camping-tremolat.com\/en\/camping-activities-dordogne\/\" target=\"_self\">Read more<span class=\"screen-reader-text\">: Activities and entertainment<\/span><\/a><\/div>\n\n<\/li><li data-wp-key=\"post-template-item-8396\" class=\"wp-block-post post-8396 page type-page status-publish has-post-thumbnail hentry\">\n\n<div class=\"wp-block-group has-global-padding is-layout-constrained wp-block-group-is-layout-constrained\" style=\"border-top-right-radius:10rem\">\n<figure class=\"wp-block-image has-custom-border maillage-img\"><img decoding=\"async\" src=\"https:\/\/www.camping-tremolat.com\/wp-content\/uploads\/2025\/04\/camping-avec-piscine-en-dordogne.jpg\" alt=\"Aquatic area\" style=\"border-top-right-radius:5rem\" \/><\/figure>\n\n\n\n<p class=\"maillage-title has-border-color has-base-2-color has-text-color has-link-color has-medium-font-size wp-elements-213efc7d676bbb9479df1f5a5804d786\" style=\"border-color:#819971;border-width:1px;border-radius:50px;padding-top:var(--wp--preset--spacing--20);padding-right:var(--wp--preset--spacing--30);padding-bottom:var(--wp--preset--spacing--20);padding-left:var(--wp--preset--spacing--40);text-transform:uppercase\">Aquatic area<\/p>\n\n\n<a class=\"is-style-lien-cover wp-block-read-more\" href=\"https:\/\/www.camping-tremolat.com\/en\/camping-with-aquatic-area\/\" target=\"_self\">Read more<span class=\"screen-reader-text\">: Aquatic area<\/span><\/a><\/div>\n\n<\/li><li data-wp-key=\"post-template-item-8546\" class=\"wp-block-post post-8546 page type-page status-publish has-post-thumbnail hentry\">\n\n<div class=\"wp-block-group has-global-padding is-layout-constrained wp-block-group-is-layout-constrained\" style=\"border-top-right-radius:10rem\">\n<figure class=\"wp-block-image has-custom-border maillage-img\"><img decoding=\"async\" src=\"https:\/\/www.camping-tremolat.com\/wp-content\/uploads\/2025\/04\/camping-bas-tarif-vendee.jpg\" alt=\"Rates\" style=\"border-top-right-radius:5rem\" \/><\/figure>\n\n\n\n<p class=\"maillage-title has-border-color has-base-2-color has-text-color has-link-color has-medium-font-size wp-elements-213efc7d676bbb9479df1f5a5804d786\" style=\"border-color:#819971;border-width:1px;border-radius:50px;padding-top:var(--wp--preset--spacing--20);padding-right:var(--wp--preset--spacing--30);padding-bottom:var(--wp--preset--spacing--20);padding-left:var(--wp--preset--spacing--40);text-transform:uppercase\">Rates<\/p>\n\n\n<a class=\"is-style-lien-cover wp-block-read-more\" href=\"https:\/\/www.camping-tremolat.com\/en\/cheap-campsite-dordogne\/\" target=\"_self\">Read more<span class=\"screen-reader-text\">: Rates<\/span><\/a><\/div>\n\n<\/li><\/ul><\/div>\n<\/section>\n","protected":false},"excerpt":{"rendered":"<p>Welcome to Les Berges de la Dordogne campsite in Tr\u00e9molat in the heart of P\u00e9rigord Noir Between nature and countryside.The P\u00e9rigord Noir is an ideal destination for a quiet vacation with family or friends. For your stay in this magnificent Dordogne Valley, book into our 4-star Dordogne campsite in Tr\u00e9molat, an estate nestled in the [&hellip;]<\/p>\n","protected":false},"author":1,"featured_media":7694,"parent":0,"menu_order":0,"comment_status":"closed","ping_status":"closed","template":"","meta":{"_acf_changed":false,"_seopress_robots_primary_cat":"","_seopress_titles_title":"Camping P\u00e9rigord Noir | Dordogne river bank with swimming pool","_seopress_titles_desc":"In the heart of the P\u00e9rigord Noir region, our 4-star campsite in Tremolat welcomes you on the banks of the Dordogne with its swimming pool, mobile homes and pitches in the heart of nature.","_seopress_robots_index":"","_gt_ctv_global_id":"","_gt_ctv_id_group":false,"inline_featured_image":false,"gt_fse_maillage_image":"https:\/\/www.camping-tremolat.com\/wp-content\/uploads\/2025\/05\/visiter-le-perigord-noir.jpg","gt_fse_maillage_titre":"Black Perigord","gt_fse_maillage_alt":"Black Perigord","gt_fse_maillage_resume":"","footnotes":""},"categories":[],"tags":[],"class_list":["post-8482","page","type-page","status-publish","has-post-thumbnail","hentry"],"acf":[],"_links":{"self":[{"href":"https:\/\/www.camping-tremolat.com\/en\/wp-json\/wp\/v2\/pages\/8482","targetHints":{"allow":["GET"]}}],"collection":[{"href":"https:\/\/www.camping-tremolat.com\/en\/wp-json\/wp\/v2\/pages"}],"about":[{"href":"https:\/\/www.camping-tremolat.com\/en\/wp-json\/wp\/v2\/types\/page"}],"author":[{"embeddable":true,"href":"https:\/\/www.camping-tremolat.com\/en\/wp-json\/wp\/v2\/users\/1"}],"replies":[{"embeddable":true,"href":"https:\/\/www.camping-tremolat.com\/en\/wp-json\/wp\/v2\/comments?post=8482"}],"version-history":[{"count":9,"href":"https:\/\/www.camping-tremolat.com\/en\/wp-json\/wp\/v2\/pages\/8482\/revisions"}],"predecessor-version":[{"id":8732,"href":"https:\/\/www.camping-tremolat.com\/en\/wp-json\/wp\/v2\/pages\/8482\/revisions\/8732"}],"wp:featuredmedia":[{"embeddable":true,"href":"https:\/\/www.camping-tremolat.com\/en\/wp-json\/wp\/v2\/media\/7694"}],"wp:attachment":[{"href":"https:\/\/www.camping-tremolat.com\/en\/wp-json\/wp\/v2\/media?parent=8482"}],"wp:term":[{"taxonomy":"category","embeddable":true,"href":"https:\/\/www.camping-tremolat.com\/en\/wp-json\/wp\/v2\/categories?post=8482"},{"taxonomy":"post_tag","embeddable":true,"href":"https:\/\/www.camping-tremolat.com\/en\/wp-json\/wp\/v2\/tags?post=8482"}],"curies":[{"name":"wp","href":"https:\/\/api.w.org\/{rel}","templated":true}]}}