{"id":8498,"date":"2025-05-05T07:24:40","date_gmt":"2025-05-05T07:24:40","guid":{"rendered":"https:\/\/www.camping-tremolat.com\/virtual-map\/"},"modified":"2025-06-12T07:11:36","modified_gmt":"2025-06-12T07:11:36","slug":"virtual-map","status":"publish","type":"page","link":"https:\/\/www.camping-tremolat.com\/en\/virtual-map\/","title":{"rendered":"Virtual map"},"content":{"rendered":"\n<div class=\"wp-block-group has-global-padding is-layout-constrained wp-container-core-group-is-layout-8dd13e6d wp-block-group-is-layout-constrained\" style=\"padding-right:var(--wp--preset--spacing--60);padding-left:var(--wp--preset--spacing--60)\">\n<h1 class=\"wp-block-heading has-text-align-center\">Take a <strong>virtual tour<\/strong> of Camping Les Berges de la Dordogne<\/h1>\n\n\n\n<div style=\"height:5px\" aria-hidden=\"true\" class=\"wp-block-spacer gt-hide-mobile\"><\/div>\n\n\n\n<p class=\"has-text-align-left\">Immerse yourself in the heart of our <a href=\"https:\/\/www.camping-tremolat.com\/en\/\" data-type=\"page\" data-id=\"5\">family campsite in Tr\u00e9molat<\/a> with this immersive virtual tour. Located between Sarlat and Bergerac, on the banks of the Dordogne, our campsite welcomes you to an exceptional natural setting. Explore our comfortable accommodation, our aquatic area with heated pool, and our riverside pitches. Enjoy a foretaste of your next vacation by discovering the emblematic sites of the campsite, from relaxation areas to entertainment, via our friendly restaurant. Plan your stay in the heart of P\u00e9rigord Noir now!    <\/p>\n\n\n\n<div style=\"height:1rem\" aria-hidden=\"true\" class=\"wp-block-spacer gt-hide-mobile\"><\/div>\n\n\n\n<h2 class=\"wp-block-heading has-text-align-center\">An immersion in nature and conviviality<\/h2>\n\n\n\n<div style=\"height:1rem\" aria-hidden=\"true\" class=\"wp-block-spacer gt-hide-mobile\"><\/div>\n\n\n\n<iframe src=\"https:\/\/tourmkr.com\/F12JLA8qAv\" width=\"100%\" height=\"700\" allowfullscreen=\"\" style=\"border:0;\"><\/iframe>\n<\/div>\n\n<section class=\"wp-block-group page-maillage has-global-padding is-layout-constrained wp-block-group-is-layout-constrained\" style=\"padding-top:4rem;padding-bottom:var(--wp--preset--spacing--60)\">\n<div class=\"wp-block-group handmade-title is-layout-flow wp-block-group-is-layout-flow\" style=\"margin-bottom:0;padding-top:4rem;padding-right:0rem;padding-bottom:3rem;padding-left:0rem\">\n<p class=\"handmade-title-p has-custom-color-2-color has-text-color has-link-color has-magnolia-script-font-family wp-elements-62c11b3982307373a87545c7dde10759\" style=\"font-size:clamp(1.502rem, 1.502rem + ((1vw - 0.2rem) * 1.353), 2.5rem);line-height:0;text-transform:capitalize\">Discover<\/p>\n\n\n\n<p class=\"handmade-title-p has-custom-color-2-color has-text-color has-link-color has-retcaro-font-family wp-elements-d5b8160550456d09ebdfe03a90101414\" style=\"font-size:clamp(1.25rem, 1.25rem + ((1vw - 0.2rem) * 1.017), 2rem);line-height:0.9\">our services, water park and accommodation<\/p>\n<\/div>\n\n\n\n<div data-wp-context=\"{}\" data-wp-interactive=\"core\/query\" data-wp-key=\"1\" data-wp-router-region=\"query-1\" class=\"wp-block-query alignwide gt-fse-maillage-query is-layout-flow wp-block-query-is-layout-flow\"><ul class=\"columns-3 wp-block-post-template is-layout-grid wp-container-core-post-template-is-layout-6d3fbd8f wp-block-post-template-is-layout-grid\"><li data-wp-key=\"post-template-item-8422\" class=\"wp-block-post post-8422 page type-page status-publish has-post-thumbnail hentry\">\n\n<div class=\"wp-block-group has-global-padding is-layout-constrained wp-block-group-is-layout-constrained\" style=\"border-top-right-radius:10rem\">\n<figure class=\"wp-block-image has-custom-border maillage-img\"><img decoding=\"async\" src=\"https:\/\/www.camping-tremolat.com\/wp-content\/uploads\/2025\/04\/camping-dogfriendly-dordogne.jpg\" alt=\"Services\" style=\"border-top-right-radius:5rem\"\/><\/figure>\n\n\n\n<p class=\"maillage-title has-border-color has-base-2-color has-text-color has-link-color has-medium-font-size wp-elements-213efc7d676bbb9479df1f5a5804d786\" style=\"border-color:#819971;border-width:1px;border-radius:50px;padding-top:var(--wp--preset--spacing--20);padding-right:var(--wp--preset--spacing--30);padding-bottom:var(--wp--preset--spacing--20);padding-left:var(--wp--preset--spacing--40);text-transform:uppercase\">Services<\/p>\n\n\n<a class=\"is-style-lien-cover wp-block-read-more\" href=\"https:\/\/www.camping-tremolat.com\/en\/4-star-campsite-dordogne\/\" target=\"_self\">Read more<span class=\"screen-reader-text\">: Services<\/span><\/a><\/div>\n\n<\/li><li data-wp-key=\"post-template-item-8396\" class=\"wp-block-post post-8396 page type-page status-publish has-post-thumbnail hentry\">\n\n<div class=\"wp-block-group has-global-padding is-layout-constrained wp-block-group-is-layout-constrained\" style=\"border-top-right-radius:10rem\">\n<figure class=\"wp-block-image has-custom-border maillage-img\"><img decoding=\"async\" src=\"https:\/\/www.camping-tremolat.com\/wp-content\/uploads\/2025\/04\/camping-avec-piscine-en-dordogne.jpg\" alt=\"Aquatic area\" style=\"border-top-right-radius:5rem\"\/><\/figure>\n\n\n\n<p class=\"maillage-title has-border-color has-base-2-color has-text-color has-link-color has-medium-font-size wp-elements-213efc7d676bbb9479df1f5a5804d786\" style=\"border-color:#819971;border-width:1px;border-radius:50px;padding-top:var(--wp--preset--spacing--20);padding-right:var(--wp--preset--spacing--30);padding-bottom:var(--wp--preset--spacing--20);padding-left:var(--wp--preset--spacing--40);text-transform:uppercase\">Aquatic area<\/p>\n\n\n<a class=\"is-style-lien-cover wp-block-read-more\" href=\"https:\/\/www.camping-tremolat.com\/en\/camping-with-aquatic-area\/\" target=\"_self\">Read more<span class=\"screen-reader-text\">: Aquatic area<\/span><\/a><\/div>\n\n<\/li><li data-wp-key=\"post-template-item-8588\" class=\"wp-block-post post-8588 page type-page status-publish has-post-thumbnail hentry\">\n\n<div class=\"wp-block-group has-global-padding is-layout-constrained wp-block-group-is-layout-constrained\" style=\"border-top-right-radius:10rem\">\n<figure class=\"wp-block-image has-custom-border maillage-img\"><img decoding=\"async\" src=\"https:\/\/www.camping-tremolat.com\/wp-content\/uploads\/2025\/04\/location-mh-perigueux.jpg\" alt=\"Our mobile homes\" style=\"border-top-right-radius:5rem\"\/><\/figure>\n\n\n\n<p class=\"maillage-title has-border-color has-base-2-color has-text-color has-link-color has-medium-font-size wp-elements-213efc7d676bbb9479df1f5a5804d786\" style=\"border-color:#819971;border-width:1px;border-radius:50px;padding-top:var(--wp--preset--spacing--20);padding-right:var(--wp--preset--spacing--30);padding-bottom:var(--wp--preset--spacing--20);padding-left:var(--wp--preset--spacing--40);text-transform:uppercase\">Our mobile homes<\/p>\n\n\n<a class=\"is-style-lien-cover wp-block-read-more\" href=\"https:\/\/www.camping-tremolat.com\/en\/mobile-home-rentals-dordogne\/\" target=\"_self\">Read more<span class=\"screen-reader-text\">: Our mobile homes<\/span><\/a><\/div>\n\n<\/li><\/ul><\/div>\n<\/section>\n","protected":false},"excerpt":{"rendered":"<p>Take a virtual tour of Camping Les Berges de la Dordogne Immerse yourself in the heart of our family campsite in Tr\u00e9molat with this immersive virtual tour. Located between Sarlat and Bergerac, on the banks of the Dordogne, our campsite welcomes you to an exceptional natural setting. Explore our comfortable accommodation, our aquatic area with [&hellip;]<\/p>\n","protected":false},"author":1,"featured_media":7303,"parent":0,"menu_order":0,"comment_status":"closed","ping_status":"closed","template":"","meta":{"_acf_changed":false,"_seopress_robots_primary_cat":"","_seopress_titles_title":"Camping Les Berges de la Dordogne \u00e0 Tr\u00e9molat | Virtual visit","_seopress_titles_desc":"Take a virtual tour of our campsite on the banks of the Dordogne, in Tr\u00e9molat, between Sarlat and Bergerac. Discover our accommodation, heated swimming pool and natural setting. ","_seopress_robots_index":"","_gt_ctv_global_id":"","_gt_ctv_id_group":false,"inline_featured_image":false,"gt_fse_maillage_image":"https:\/\/www.camping-tremolat.com\/wp-content\/uploads\/2025\/05\/visite-virtuelle-camping-les-berges-de-la-Dordogne.webp","gt_fse_maillage_titre":"Virtual tour","gt_fse_maillage_alt":"virtual tour camping les berges de la Dordogne","gt_fse_maillage_resume":"","footnotes":""},"categories":[],"tags":[],"class_list":["post-8498","page","type-page","status-publish","has-post-thumbnail","hentry"],"acf":[],"_links":{"self":[{"href":"https:\/\/www.camping-tremolat.com\/en\/wp-json\/wp\/v2\/pages\/8498","targetHints":{"allow":["GET"]}}],"collection":[{"href":"https:\/\/www.camping-tremolat.com\/en\/wp-json\/wp\/v2\/pages"}],"about":[{"href":"https:\/\/www.camping-tremolat.com\/en\/wp-json\/wp\/v2\/types\/page"}],"author":[{"embeddable":true,"href":"https:\/\/www.camping-tremolat.com\/en\/wp-json\/wp\/v2\/users\/1"}],"replies":[{"embeddable":true,"href":"https:\/\/www.camping-tremolat.com\/en\/wp-json\/wp\/v2\/comments?post=8498"}],"version-history":[{"count":2,"href":"https:\/\/www.camping-tremolat.com\/en\/wp-json\/wp\/v2\/pages\/8498\/revisions"}],"predecessor-version":[{"id":8802,"href":"https:\/\/www.camping-tremolat.com\/en\/wp-json\/wp\/v2\/pages\/8498\/revisions\/8802"}],"wp:featuredmedia":[{"embeddable":true,"href":"https:\/\/www.camping-tremolat.com\/en\/wp-json\/wp\/v2\/media\/7303"}],"wp:attachment":[{"href":"https:\/\/www.camping-tremolat.com\/en\/wp-json\/wp\/v2\/media?parent=8498"}],"wp:term":[{"taxonomy":"category","embeddable":true,"href":"https:\/\/www.camping-tremolat.com\/en\/wp-json\/wp\/v2\/categories?post=8498"},{"taxonomy":"post_tag","embeddable":true,"href":"https:\/\/www.camping-tremolat.com\/en\/wp-json\/wp\/v2\/tags?post=8498"}],"curies":[{"name":"wp","href":"https:\/\/api.w.org\/{rel}","templated":true}]}}