{"id":8378,"date":"2025-04-07T07:02:09","date_gmt":"2025-04-07T07:02:09","guid":{"rendered":"https:\/\/www.camping-tremolat.com\/camping-dordogne-aan-de-rivier\/"},"modified":"2025-07-01T13:54:10","modified_gmt":"2025-07-01T13:54:10","slug":"camping-dordogne-aan-de-rivier","status":"publish","type":"page","link":"https:\/\/www.camping-tremolat.com\/nl\/camping-dordogne-aan-de-rivier\/","title":{"rendered":"Riverside"},"content":{"rendered":"\n<section class=\"wp-block-group home-intro page-intro is-layout-flow wp-block-group-is-layout-flow\" style=\"margin-top:0rem;margin-bottom:var(--wp--preset--spacing--50);padding-bottom:5rem\">\n<div class=\"wp-block-columns is-layout-flex wp-container-core-columns-is-layout-28f84493 wp-block-columns-is-layout-flex\">\n<div class=\"wp-block-column middle is-layout-flow wp-block-column-is-layout-flow\">\n<div class=\"wp-block-group is-vertical is-nowrap is-layout-flex wp-container-core-group-is-layout-6fe931d8 wp-block-group-is-layout-flex\">\n<div class=\"wp-block-group anim-text text is-layout-flow wp-block-group-is-layout-flow\" style=\"margin-bottom:var(--wp--preset--spacing--40);padding-right:7rem;padding-left:var(--wp--preset--spacing--40)\">\n<h1 class=\"wp-block-heading\" style=\"margin-bottom:var(--wp--preset--spacing--30)\"><strong>Uw verblijf<\/strong> op een camping aan de rivier in de Dordogne  <\/h1>\n\n\n\n<h2 class=\"wp-block-heading has-custom-color-5-color has-text-color has-link-color wp-elements-62edcf6c907d82579bd0b9bfa7bf1a6b\"><strong>Langs de rivier<\/strong> vanaf onze camping in Tr\u00e9molat<\/h2>\n\n\n\n<p>D\u00e9couvrez l\u2019un des meilleurs campings pr\u00e9sents au c\u0153ur de la <a href=\"https:\/\/www.camping-tremolat.com\/nl\/dordogne-vallei\/\" data-type=\"page\" data-id=\"18\">vall\u00e9e de la Dordogne<\/a>, le <a href=\"https:\/\/www.camping-tremolat.com\/nl\/\" data-type=\"page\" data-id=\"5\">camping de Dordogne<\/a> Les Berges de la Dordogne. Situ\u00e9 \u00e0 Tr\u00e9molat, nich\u00e9 entre Sarlat et Bergerac, ce <strong>camping en bord de rivi\u00e8re<\/strong> vous propose un cadre naturel arbor\u00e9 et un acc\u00e8s direct \u00e0 la rivi\u00e8re. Venez passer vos vacances au c\u0153ur de la nature avec vos enfants ou entre amis.\u00a0<\/p>\n\n\n\n<p>Des h\u00e9bergements confortables et fonctionnels, en <a href=\"https:\/\/www.camping-tremolat.com\/nl\/verhuur-stacaravans-dordogne\/\" data-type=\"page\" data-id=\"14\">location de mobil-homes en Dordogne<\/a> ou en <a href=\"https:\/\/www.camping-tremolat.com\/nl\/kampeerplaatsen-huur-dordogne\/\" data-type=\"page\" data-id=\"15\">location d\u2019emplacements \u00e0 Tr\u00e9molat<\/a> avec un acc\u00e8s rapide \u00e0 <a href=\"https:\/\/www.camping-tremolat.com\/nl\/camping-aquatisch-gebied\/\" data-type=\"page\" data-id=\"11\">l\u2019espace aquatique du camping pr\u00e8s de Sarlat<\/a> vous sont propos\u00e9s pour votre s\u00e9jour nature.<\/p>\n<\/div>\n\n\n\n<figure class=\"wp-block-image size-full has-custom-border reveal\"><img decoding=\"async\" width=\"878\" height=\"586\" src=\"https:\/\/www.camping-tremolat.com\/wp-content\/uploads\/2025\/04\/location-camping-perigueux.jpg\" alt=\"verhuur camping perigueux\" class=\"wp-image-6814\" style=\"border-top-left-radius:8rem;border-bottom-right-radius:8rem\" srcset=\"https:\/\/www.camping-tremolat.com\/wp-content\/uploads\/2025\/04\/location-camping-perigueux.jpg 878w, https:\/\/www.camping-tremolat.com\/wp-content\/uploads\/2025\/04\/location-camping-perigueux-300x200.jpg 300w, https:\/\/www.camping-tremolat.com\/wp-content\/uploads\/2025\/04\/location-camping-perigueux-768x513.jpg 768w\" sizes=\"(max-width: 878px) 100vw, 878px\" \/><\/figure>\n<\/div>\n<\/div>\n\n\n\n<div class=\"wp-block-column right is-layout-flow wp-block-column-is-layout-flow\">\n<div class=\"wp-block-group is-vertical is-content-justification-left is-nowrap is-layout-flex wp-container-core-group-is-layout-87328470 wp-block-group-is-layout-flex\">\n<figure class=\"wp-block-image size-full has-custom-border reveal\"><img decoding=\"async\" width=\"1500\" height=\"1000\" src=\"https:\/\/www.camping-tremolat.com\/wp-content\/uploads\/2025\/05\/canards-riviere-Dordogne.webp\" alt=\"eenden rivier de Dordogne\" class=\"wp-image-7998\" style=\"border-top-left-radius:8rem;border-bottom-right-radius:8rem;aspect-ratio:3\/2;object-fit:cover\" srcset=\"https:\/\/www.camping-tremolat.com\/wp-content\/uploads\/2025\/05\/canards-riviere-Dordogne.webp 1500w, https:\/\/www.camping-tremolat.com\/wp-content\/uploads\/2025\/05\/canards-riviere-Dordogne-300x200.webp 300w, https:\/\/www.camping-tremolat.com\/wp-content\/uploads\/2025\/05\/canards-riviere-Dordogne-1024x683.webp 1024w, https:\/\/www.camping-tremolat.com\/wp-content\/uploads\/2025\/05\/canards-riviere-Dordogne-768x512.webp 768w\" sizes=\"(max-width: 1500px) 100vw, 1500px\" \/><\/figure>\n<\/div>\n\n\n\n<div style=\"height:2rem\" aria-hidden=\"true\" class=\"wp-block-spacer gt-hide-mobile\"><\/div>\n\n\n\n<div class=\"wp-block-group titre-deco is-nowrap is-layout-flex wp-container-core-group-is-layout-0f072f70 wp-block-group-is-layout-flex\" style=\"padding-top:var(--wp--preset--spacing--40);padding-left:8rem\">\n<div class=\"wp-block-group handmade-title is-vertical is-layout-flex wp-container-core-group-is-layout-4ece205d wp-block-group-is-layout-flex\" style=\"margin-bottom:0\">\n<p class=\"handmade-title-p has-custom-color-5-color has-text-color has-link-color wp-elements-166e14d839bec75209ffb52291847254\" style=\"font-size:clamp(1.502rem, 1.502rem + ((1vw - 0.2rem) * 1.353), 2.5rem);line-height:1;text-transform:uppercase\">Je natuurvakantie<\/p>\n\n\n\n<p class=\"handmade-title-p has-custom-color-5-color has-text-color has-link-color has-magnolia-script-font-family wp-elements-b12cb7e03355970588657255c0d7fbf7\" style=\"font-size:clamp(2.835rem, 2.835rem + ((1vw - 0.2rem) * 3.614), 5.5rem);line-height:0.9\">in de Dordogne<\/p>\n<\/div>\n<\/div>\n<\/div>\n<\/div>\n<\/section>\n\n<section class=\"wp-block-group home-second page-second has-custom-color-5-background-color has-background is-layout-flow wp-block-group-is-layout-flow\" style=\"padding-top:var(--wp--preset--spacing--60);padding-bottom:12rem\">\n<div class=\"wp-block-columns is-layout-flex wp-container-core-columns-is-layout-658170e2 wp-block-columns-is-layout-flex\">\n<div class=\"wp-block-column is-vertically-aligned-center is-layout-flow wp-block-column-is-layout-flow\" style=\"padding-right:var(--wp--preset--spacing--20);padding-left:var(--wp--preset--spacing--60);flex-basis:40%\">\n<div class=\"wp-block-group anim-text is-vertical is-nowrap is-layout-flex wp-container-core-group-is-layout-3aa504c0 wp-block-group-is-layout-flex\">\n<h2 class=\"wp-block-heading has-base-2-color has-text-color has-link-color wp-elements-d137a91b29d061e6ce50405623abb107\"><strong>Plezier voor het hele gezin<\/strong> met activiteiten op de rivier<\/h2>\n\n\n\n<p class=\"has-base-2-color has-text-color has-link-color wp-elements-7e94001daf859099e6cda85f083345f7\">Kom genieten van unieke gezinsmomenten met onze <strong>wateractiviteiten op de<\/strong> Dordogne-camping in Tr\u00e9molat. Ter plaatse kunt u kano&#8217;s, kajaks, peddels en waterfietsen huren om het rustige water van de rivier te verkennen en de P\u00e9rigord Noir op een andere manier te ontdekken.   <\/p>\n\n\n\n<p class=\"has-base-2-color has-text-color has-link-color wp-elements-e7583eb3da118c0f4bec0595cab14f4e\">Que vous soyez d\u00e9butant ou expert, chacun peut s\u2019amuser en toute s\u00e9curit\u00e9 et profiter d\u2019un s\u00e9jour au c\u0153ur de la nature dans notre <a href=\"https:\/\/www.camping-tremolat.com\/nl\/familiecamping-dordogne\/\" data-type=\"page\" data-id=\"6\">camping familial en Dordogne<\/a>. Baignades et aventure aquatique au rendez-vous pour toute la famille !<\/p>\n<\/div>\n<\/div>\n\n\n\n<div class=\"wp-block-column has-global-padding is-layout-constrained wp-container-core-column-is-layout-9cf94856 wp-block-column-is-layout-constrained\" style=\"padding-right:var(--wp--preset--spacing--50);padding-left:var(--wp--preset--spacing--30);flex-basis:60%\">\n<figure class=\"wp-block-image size-full is-resized has-custom-border reveal\"><img decoding=\"async\" width=\"684\" height=\"649\" src=\"https:\/\/www.camping-tremolat.com\/wp-content\/uploads\/2025\/05\/Canoes-activites-aquatiques-en-Dordogne.webp\" alt=\"Kano's, wateractiviteiten in de Dordogne\" class=\"wp-image-8005\" style=\"border-top-left-radius:8rem;border-bottom-right-radius:8rem;aspect-ratio:3\/2;object-fit:cover;width:auto;height:600px\" srcset=\"https:\/\/www.camping-tremolat.com\/wp-content\/uploads\/2025\/05\/Canoes-activites-aquatiques-en-Dordogne.webp 684w, https:\/\/www.camping-tremolat.com\/wp-content\/uploads\/2025\/05\/Canoes-activites-aquatiques-en-Dordogne-300x285.webp 300w\" sizes=\"(max-width: 684px) 100vw, 684px\" \/><\/figure>\n<\/div>\n<\/div>\n<\/section>\n\n<section class=\"wp-block-group home-second page-second reverse is-layout-flow wp-block-group-is-layout-flow\" style=\"padding-top:var(--wp--preset--spacing--30);padding-bottom:var(--wp--preset--spacing--40)\">\n<div class=\"wp-block-columns is-layout-flex wp-container-core-columns-is-layout-658170e2 wp-block-columns-is-layout-flex\">\n<div class=\"wp-block-column has-global-padding is-layout-constrained wp-container-core-column-is-layout-1c074333 wp-block-column-is-layout-constrained\" style=\"padding-top:var(--wp--preset--spacing--50);padding-right:var(--wp--preset--spacing--30);padding-bottom:var(--wp--preset--spacing--50);padding-left:var(--wp--preset--spacing--30);flex-basis:60%\">\n<figure class=\"wp-block-image size-full is-resized has-custom-border reveal\"><img decoding=\"async\" width=\"960\" height=\"600\" src=\"https:\/\/www.camping-tremolat.com\/wp-content\/uploads\/2025\/04\/peche-famille-dordogne.jpg\" alt=\"pinda familie dordogne\" class=\"wp-image-6777\" style=\"border-top-left-radius:8rem;border-bottom-right-radius:8rem;width:auto;height:600px\" srcset=\"https:\/\/www.camping-tremolat.com\/wp-content\/uploads\/2025\/04\/peche-famille-dordogne.jpg 960w, https:\/\/www.camping-tremolat.com\/wp-content\/uploads\/2025\/04\/peche-famille-dordogne-300x188.jpg 300w, https:\/\/www.camping-tremolat.com\/wp-content\/uploads\/2025\/04\/peche-famille-dordogne-768x480.jpg 768w\" sizes=\"(max-width: 960px) 100vw, 960px\" \/><\/figure>\n<\/div>\n\n\n\n<div class=\"wp-block-column is-vertically-aligned-center is-layout-flow wp-block-column-is-layout-flow\" style=\"padding-right:var(--wp--preset--spacing--60);padding-left:var(--wp--preset--spacing--20);flex-basis:40%\">\n<div class=\"wp-block-group anim-text is-vertical is-nowrap is-layout-flex wp-container-core-group-is-layout-3aa504c0 wp-block-group-is-layout-flex\">\n<h2 class=\"wp-block-heading has-custom-color-5-color has-text-color has-link-color wp-elements-b6e5c09b127c4432b326d1754ce95e98\"><strong>Vissen in de Dordogne<\/strong> vanaf onze camping<\/h2>\n\n\n\n<p class=\"has-custom-color-3-color has-text-color has-link-color wp-elements-946cf0139761212615f8a5084d3549fa\"><strong>Amateurs de p\u00eache, <\/strong>petits ou grands, vous \u00eates dans le <a href=\"https:\/\/www.camping-tremolat.com\/nl\/ecologische-camping-dordogne\/\" data-type=\"page\" data-id=\"9\">camping \u00e9cologique en Dordogne<\/a> id\u00e9al pour <strong>profiter de votre passion<\/strong>. <\/p>\n\n\n\n<p class=\"has-custom-color-3-color has-text-color has-link-color wp-elements-60ac6fcfe971de2d26490fed20004418\">Embarquez votre canne et votre mat\u00e9riel de p\u00eache pour attraper une multitude de poissons directement depuis le <a href=\"https:\/\/www.camping-tremolat.com\/nl\/goedkope-camping-dordogne\/\" data-type=\"page\" data-id=\"16\">camping pas cher de Dordogne<\/a>, <strong>Les Berges de la Dordogne<\/strong>, gr\u00e2ce \u00e0 un acc\u00e8s direct \u00e0 la rivi\u00e8re. <\/p>\n\n\n\n<p class=\"has-custom-color-3-color has-text-color has-link-color wp-elements-0f8303277c74de6197da9c46a9b8449a\">Er is een <strong>vijver op de camping<\/strong> waar jonge kinderen onder begeleiding van een volwassene kunnen leren vissen.  <\/p>\n<\/div>\n<\/div>\n<\/div>\n<\/section>\n\n<section class=\"wp-block-group home-fifth page-fifth is-layout-flow wp-block-group-is-layout-flow\" style=\"margin-top:-1em;margin-bottom:4rem;padding-bottom:var(--wp--preset--spacing--40)\">\n<figure class=\"wp-block-image size-full is-resized pool-img reveal\"><img decoding=\"async\" width=\"1861\" height=\"1396\" src=\"https:\/\/www.camping-tremolat.com\/wp-content\/uploads\/2025\/05\/plages-de-riviere.webp\" alt=\"rivierstranden\" class=\"wp-image-8012\" style=\"width:auto;height:850px\" srcset=\"https:\/\/www.camping-tremolat.com\/wp-content\/uploads\/2025\/05\/plages-de-riviere.webp 1861w, https:\/\/www.camping-tremolat.com\/wp-content\/uploads\/2025\/05\/plages-de-riviere-300x225.webp 300w, https:\/\/www.camping-tremolat.com\/wp-content\/uploads\/2025\/05\/plages-de-riviere-1024x768.webp 1024w, https:\/\/www.camping-tremolat.com\/wp-content\/uploads\/2025\/05\/plages-de-riviere-768x576.webp 768w, https:\/\/www.camping-tremolat.com\/wp-content\/uploads\/2025\/05\/plages-de-riviere-1536x1152.webp 1536w\" sizes=\"(max-width: 1861px) 100vw, 1861px\" \/><\/figure>\n\n\n\n<div class=\"wp-block-group anim-text has-global-padding is-layout-constrained wp-block-group-is-layout-constrained\" style=\"padding-top:var(--wp--preset--spacing--30)\">\n<h2 class=\"wp-block-heading has-text-align-center has-custom-color-5-color has-text-color has-link-color wp-elements-390336fca1837a3a6ef6977a86757ef3\"><strong>Ontspan op de rivierstrandjes<\/strong> bij de camping<\/h2>\n\n\n\n<p class=\"has-text-align-center\">Profitez pleinement de votre <a href=\"https:\/\/www.camping-tremolat.com\/nl\/toerisme-tremolat\/\" data-type=\"page\" data-id=\"17\">s\u00e9jour \u00e0 Tr\u00e9molat<\/a> au <a href=\"https:\/\/www.camping-tremolat.com\/nl\/4-sterren-camping-dordogne\/\" data-type=\"page\" data-id=\"7\">camping 4 \u00e9toiles en Dordogne<\/a>, au c\u0153ur du P\u00e9rigord noir et d\u00e9tendez-vous sur les plages de rivi\u00e8re \u00e0 proximit\u00e9.\u00a0<\/p>\n\n\n\n<p class=\"has-text-align-center has-link-color wp-elements-749930a85052305dfb61755718ac8f94\">Vlakbij onze camping in de Dordogne liggen twee prachtige stranden op je te wachten: het Bac de Sors bij Limeuil en het Plage Pont de Vicq bij Le Buisson-de-Cadouin. Deze stranden aan de rivier zijn perfect om te ontspannen, zonnebaden en zwemmen in alle rust.   <\/p>\n\n\n\n<p class=\"has-text-align-center has-link-color wp-elements-9a9646205720ad69306b38773690877f\">Deze rustige plekjes, in het hart van de P\u00e9rigord Noir, zijn ideaal voor een dagje uit met het gezin of met vrienden en om de uitzonderlijke natuurlijke landschappen van de streek te ontdekken. De perfecte omgeving om uw vakantie in de Dordogne te verrijken. <\/p>\n<\/div>\n<\/section>\n\n<section class=\"wp-block-group page-maillage has-global-padding is-layout-constrained wp-block-group-is-layout-constrained\" style=\"padding-top:4rem;padding-bottom:var(--wp--preset--spacing--60)\">\n<div class=\"wp-block-group handmade-title is-layout-flow wp-block-group-is-layout-flow\" style=\"margin-bottom:0;padding-top:4rem;padding-right:0rem;padding-bottom:3rem;padding-left:0rem\">\n<p class=\"handmade-title-p has-custom-color-2-color has-text-color has-link-color has-magnolia-script-font-family wp-elements-071de69ea5a3ad263edbdae98c9eb40e\" style=\"font-size:clamp(1.502rem, 1.502rem + ((1vw - 0.2rem) * 1.353), 2.5rem);line-height:0;text-transform:capitalize\">Ontdek<\/p>\n\n\n\n<p class=\"handmade-title-p has-custom-color-2-color has-text-color has-link-color has-retcaro-font-family wp-elements-03b4cd954fe662d4cff1e9fb0644df6b\" style=\"font-size:clamp(1.25rem, 1.25rem + ((1vw - 0.2rem) * 1.017), 2rem);line-height:0.9\">onze staanplaatsen, stacaravans en vissen in de Dordogne<\/p>\n<\/div>\n\n\n\n<div data-wp-context=\"{}\" data-wp-interactive=\"core\/query\" data-wp-key=\"1\" data-wp-router-region=\"query-1\" class=\"wp-block-query alignwide gt-fse-maillage-query is-layout-flow wp-block-query-is-layout-flow\"><ul class=\"columns-3 wp-block-post-template is-layout-grid wp-container-core-post-template-is-layout-6d3fbd8f wp-block-post-template-is-layout-grid\"><li data-wp-key=\"post-template-item-8666\" class=\"wp-block-post post-8666 page type-page status-publish has-post-thumbnail hentry\">\n\n<div class=\"wp-block-group has-global-padding is-layout-constrained wp-block-group-is-layout-constrained\" style=\"border-top-right-radius:10rem\">\n<figure class=\"wp-block-image has-custom-border maillage-img\"><img decoding=\"async\" src=\"https:\/\/www.camping-tremolat.com\/wp-content\/uploads\/2025\/04\/location-emplacement.jpg\" alt=\"Onze locaties\" style=\"border-top-right-radius:5rem\"\/><\/figure>\n\n\n\n<p class=\"maillage-title has-border-color has-base-2-color has-text-color has-link-color has-medium-font-size wp-elements-213efc7d676bbb9479df1f5a5804d786\" style=\"border-color:#819971;border-width:1px;border-radius:50px;padding-top:var(--wp--preset--spacing--20);padding-right:var(--wp--preset--spacing--30);padding-bottom:var(--wp--preset--spacing--20);padding-left:var(--wp--preset--spacing--40);text-transform:uppercase\">Onze locaties<\/p>\n\n\n<a class=\"is-style-lien-cover wp-block-read-more\" href=\"https:\/\/www.camping-tremolat.com\/nl\/kampeerplaatsen-huur-dordogne\/\" target=\"_self\">Lees verder<span class=\"screen-reader-text\">: Onze locaties<\/span><\/a><\/div>\n\n<\/li><li data-wp-key=\"post-template-item-8627\" class=\"wp-block-post post-8627 page type-page status-publish has-post-thumbnail hentry\">\n\n<div class=\"wp-block-group has-global-padding is-layout-constrained wp-block-group-is-layout-constrained\" style=\"border-top-right-radius:10rem\">\n<figure class=\"wp-block-image has-custom-border maillage-img\"><img decoding=\"async\" src=\"https:\/\/www.camping-tremolat.com\/wp-content\/uploads\/2025\/04\/location-mh-perigueux.jpg\" alt=\"Onze stacaravans\" style=\"border-top-right-radius:5rem\"\/><\/figure>\n\n\n\n<p class=\"maillage-title has-border-color has-base-2-color has-text-color has-link-color has-medium-font-size wp-elements-213efc7d676bbb9479df1f5a5804d786\" style=\"border-color:#819971;border-width:1px;border-radius:50px;padding-top:var(--wp--preset--spacing--20);padding-right:var(--wp--preset--spacing--30);padding-bottom:var(--wp--preset--spacing--20);padding-left:var(--wp--preset--spacing--40);text-transform:uppercase\">Onze stacaravans<\/p>\n\n\n<a class=\"is-style-lien-cover wp-block-read-more\" href=\"https:\/\/www.camping-tremolat.com\/nl\/verhuur-stacaravans-dordogne\/\" target=\"_self\">Lees verder<span class=\"screen-reader-text\">: Onze stacaravans<\/span><\/a><\/div>\n\n<\/li><li data-wp-key=\"post-template-item-8469\" class=\"wp-block-post post-8469 page type-page status-publish has-post-thumbnail hentry\">\n\n<div class=\"wp-block-group has-global-padding is-layout-constrained wp-block-group-is-layout-constrained\" style=\"border-top-right-radius:10rem\">\n<figure class=\"wp-block-image has-custom-border maillage-img\"><img decoding=\"async\" src=\"https:\/\/www.camping-tremolat.com\/wp-content\/uploads\/2025\/04\/peche-camping-perigueux.jpg\" alt=\"Vissen\" style=\"border-top-right-radius:5rem\"\/><\/figure>\n\n\n\n<p class=\"maillage-title has-border-color has-base-2-color has-text-color has-link-color has-medium-font-size wp-elements-213efc7d676bbb9479df1f5a5804d786\" style=\"border-color:#819971;border-width:1px;border-radius:50px;padding-top:var(--wp--preset--spacing--20);padding-right:var(--wp--preset--spacing--30);padding-bottom:var(--wp--preset--spacing--20);padding-left:var(--wp--preset--spacing--40);text-transform:uppercase\">Vissen<\/p>\n\n\n<a class=\"is-style-lien-cover wp-block-read-more\" href=\"https:\/\/www.camping-tremolat.com\/nl\/camping-vissen-dordogne\/\" target=\"_self\">Lees verder<span class=\"screen-reader-text\">: Vissen<\/span><\/a><\/div>\n\n<\/li><\/ul><\/div>\n<\/section>\n","protected":false},"excerpt":{"rendered":"<p>Uw verblijf op een camping aan de rivier in de Dordogne Langs de rivier vanaf onze camping in Tr\u00e9molat D\u00e9couvrez l\u2019un des meilleurs campings pr\u00e9sents au c\u0153ur de la vall\u00e9e de la Dordogne, le camping de Dordogne Les Berges de la Dordogne. Situ\u00e9 \u00e0 Tr\u00e9molat, nich\u00e9 entre Sarlat et Bergerac, ce camping en bord de [&hellip;]<\/p>\n","protected":false},"author":1,"featured_media":7992,"parent":0,"menu_order":0,"comment_status":"closed","ping_status":"closed","template":"","meta":{"_acf_changed":false,"_seopress_robots_primary_cat":"","_seopress_titles_title":"Camping Dordogne aan de rivier | Wateractiviteiten, vissen","_seopress_titles_desc":"Ontdek onze camping aan de rivier en de wateractiviteiten in de omgeving. Kom uw vakantie doorbrengen in de Dordogne en geniet van de rust en de natuur van de P\u00e9rigord Noir. ","_seopress_robots_index":"","_gt_ctv_global_id":"14477","_gt_ctv_id_group":false,"inline_featured_image":false,"gt_fse_maillage_image":"https:\/\/www.camping-tremolat.com\/wp-content\/uploads\/2025\/04\/bord-de-riviere-dordogne.jpg","gt_fse_maillage_titre":"Riverside","gt_fse_maillage_alt":"rivieroever dordogne","gt_fse_maillage_resume":"","footnotes":""},"categories":[],"tags":[],"class_list":["post-8378","page","type-page","status-publish","has-post-thumbnail","hentry"],"acf":[],"_links":{"self":[{"href":"https:\/\/www.camping-tremolat.com\/nl\/wp-json\/wp\/v2\/pages\/8378","targetHints":{"allow":["GET"]}}],"collection":[{"href":"https:\/\/www.camping-tremolat.com\/nl\/wp-json\/wp\/v2\/pages"}],"about":[{"href":"https:\/\/www.camping-tremolat.com\/nl\/wp-json\/wp\/v2\/types\/page"}],"author":[{"embeddable":true,"href":"https:\/\/www.camping-tremolat.com\/nl\/wp-json\/wp\/v2\/users\/1"}],"replies":[{"embeddable":true,"href":"https:\/\/www.camping-tremolat.com\/nl\/wp-json\/wp\/v2\/comments?post=8378"}],"version-history":[{"count":13,"href":"https:\/\/www.camping-tremolat.com\/nl\/wp-json\/wp\/v2\/pages\/8378\/revisions"}],"predecessor-version":[{"id":9053,"href":"https:\/\/www.camping-tremolat.com\/nl\/wp-json\/wp\/v2\/pages\/8378\/revisions\/9053"}],"wp:featuredmedia":[{"embeddable":true,"href":"https:\/\/www.camping-tremolat.com\/nl\/wp-json\/wp\/v2\/media\/7992"}],"wp:attachment":[{"href":"https:\/\/www.camping-tremolat.com\/nl\/wp-json\/wp\/v2\/media?parent=8378"}],"wp:term":[{"taxonomy":"category","embeddable":true,"href":"https:\/\/www.camping-tremolat.com\/nl\/wp-json\/wp\/v2\/categories?post=8378"},{"taxonomy":"post_tag","embeddable":true,"href":"https:\/\/www.camping-tremolat.com\/nl\/wp-json\/wp\/v2\/tags?post=8378"}],"curies":[{"name":"wp","href":"https:\/\/api.w.org\/{rel}","templated":true}]}}