{"id":8486,"date":"2025-04-23T10:07:19","date_gmt":"2025-04-23T10:07:19","guid":{"rendered":"https:\/\/www.camping-tremolat.com\/camping-perigord-noir\/"},"modified":"2025-06-11T08:50:28","modified_gmt":"2025-06-11T08:50:28","slug":"camping-perigord-noir","status":"publish","type":"page","link":"https:\/\/www.camping-tremolat.com\/nl\/camping-perigord-noir\/","title":{"rendered":"Camping P\u00e9rigord Noir"},"content":{"rendered":"\n<section class=\"wp-block-group home-intro page-intro is-layout-flow wp-block-group-is-layout-flow\" style=\"margin-top:5rem;margin-bottom:var(--wp--preset--spacing--50);padding-bottom:5rem\">\n<div class=\"wp-block-columns is-layout-flex wp-container-core-columns-is-layout-28f84493 wp-block-columns-is-layout-flex\">\n<div class=\"wp-block-column middle is-layout-flow wp-block-column-is-layout-flow\">\n<div class=\"wp-block-group is-vertical is-nowrap is-layout-flex wp-container-core-group-is-layout-6fe931d8 wp-block-group-is-layout-flex\">\n<div class=\"wp-block-group anim-text text is-layout-flow wp-block-group-is-layout-flow\" style=\"margin-bottom:var(--wp--preset--spacing--40);padding-right:7rem;padding-left:var(--wp--preset--spacing--40)\">\n<h1 class=\"wp-block-heading\" style=\"margin-bottom:var(--wp--preset--spacing--30)\">Welkom op camping Les Berges de la Dordogne in <strong>Tr\u00e9molat in het hart van de P\u00e9rigord Noir<\/strong><\/h1>\n\n\n\n<p>Tussen natuur en platteland.<strong>De P\u00e9rigord Noir<\/strong> is een ideale bestemming voor een <strong> rustige<\/strong> vakantie <strong> met het gezin of met vrienden<\/strong>. Boek voor uw verblijf in deze prachtige <strong>Dordogne-vallei<\/strong> onze <a href=\"https:\/\/www.camping-tremolat.com\/nl\/\" data-type=\"page\" data-id=\"5\">4-sterren Dordogne camping<\/a> in Tr\u00e9molat, <strong>een landgoed <\/strong>in het hart van de Dordogne-vallei.  <\/p>\n\n\n\n<p>Onze <strong>camping P\u00e9rigord Noir<\/strong> ligt aan de oever van de rivier en is dus ideaal voor visliefhebbers. Natuurlijk zullen ook andere activiteiten de vakantiegangers bekoren, met ons <strong>zwemparadijs<\/strong> en het <strong>ruime aanbod aan animaties <\/strong>. <\/p>\n<\/div>\n\n\n\n<figure class=\"wp-block-image size-full has-custom-border reveal\"><img decoding=\"async\" width=\"870\" height=\"581\" src=\"https:\/\/www.camping-tremolat.com\/wp-content\/uploads\/2025\/05\/location-camping-perigord-noir.jpg\" alt=\"verhuur camping perigord noir\" class=\"wp-image-7700\" style=\"border-top-left-radius:8rem;border-top-right-radius:0px;border-bottom-right-radius:8rem\" srcset=\"https:\/\/www.camping-tremolat.com\/wp-content\/uploads\/2025\/05\/location-camping-perigord-noir.jpg 870w, https:\/\/www.camping-tremolat.com\/wp-content\/uploads\/2025\/05\/location-camping-perigord-noir-300x200.jpg 300w, https:\/\/www.camping-tremolat.com\/wp-content\/uploads\/2025\/05\/location-camping-perigord-noir-768x513.jpg 768w\" sizes=\"(max-width: 870px) 100vw, 870px\" \/><\/figure>\n<\/div>\n<\/div>\n\n\n\n<div class=\"wp-block-column right is-layout-flow wp-block-column-is-layout-flow\">\n<div class=\"wp-block-group is-vertical is-content-justification-left is-nowrap is-layout-flex wp-container-core-group-is-layout-87328470 wp-block-group-is-layout-flex\">\n<figure class=\"wp-block-image size-full is-resized has-custom-border reveal\"><img decoding=\"async\" width=\"870\" height=\"750\" src=\"https:\/\/www.camping-tremolat.com\/wp-content\/uploads\/2025\/05\/camping-dans-le-perigord-noir.jpg\" alt=\"kamperen in de perigord noir\" class=\"wp-image-7696\" style=\"border-top-left-radius:8rem;border-bottom-right-radius:8rem;width:auto;height:750px\" srcset=\"https:\/\/www.camping-tremolat.com\/wp-content\/uploads\/2025\/05\/camping-dans-le-perigord-noir.jpg 870w, https:\/\/www.camping-tremolat.com\/wp-content\/uploads\/2025\/05\/camping-dans-le-perigord-noir-300x259.jpg 300w, https:\/\/www.camping-tremolat.com\/wp-content\/uploads\/2025\/05\/camping-dans-le-perigord-noir-768x662.jpg 768w\" sizes=\"(max-width: 870px) 100vw, 870px\" \/><\/figure>\n<\/div>\n\n\n\n<div class=\"wp-block-group titre-deco is-nowrap is-layout-flex wp-container-core-group-is-layout-0f072f70 wp-block-group-is-layout-flex\" style=\"padding-top:var(--wp--preset--spacing--40);padding-left:8rem\">\n<div class=\"wp-block-group handmade-title is-vertical is-layout-flex wp-container-core-group-is-layout-4ece205d wp-block-group-is-layout-flex\" style=\"margin-bottom:0\">\n<p class=\"handmade-title-p has-custom-color-5-color has-text-color has-link-color wp-elements-7a970829b5001d822a0e277267343027\" style=\"font-size:clamp(1.502rem, 1.502rem + ((1vw - 0.2rem) * 1.353), 2.5rem);line-height:0;text-transform:uppercase\">ontdek de<\/p>\n\n\n\n<p class=\"handmade-title-p has-custom-color-5-color has-text-color has-link-color has-magnolia-script-font-family wp-elements-13646d070d24b8b54aaa76b85782a612\" style=\"font-size:clamp(2.835rem, 2.835rem + ((1vw - 0.2rem) * 3.614), 5.5rem);line-height:0.9\">Zwarte P\u00e9rigord<\/p>\n<\/div>\n<\/div>\n<\/div>\n<\/div>\n<\/section>\n\n<section class=\"wp-block-group home-second page-second has-custom-color-5-background-color has-background is-layout-flow wp-block-group-is-layout-flow\" style=\"padding-top:var(--wp--preset--spacing--60);padding-bottom:12rem\">\n<div class=\"wp-block-columns is-layout-flex wp-container-core-columns-is-layout-658170e2 wp-block-columns-is-layout-flex\">\n<div class=\"wp-block-column is-vertically-aligned-center is-layout-flow wp-block-column-is-layout-flow\" style=\"padding-right:var(--wp--preset--spacing--20);padding-left:var(--wp--preset--spacing--60);flex-basis:40%\">\n<div class=\"wp-block-group anim-text is-vertical is-nowrap is-layout-flex wp-container-core-group-is-layout-3aa504c0 wp-block-group-is-layout-flex\">\n<h2 class=\"wp-block-heading has-base-2-color has-text-color has-link-color wp-elements-a948a34dfc2f5d8a7d90d136dc9fb86f\"><strong>Huur een stacaravan<\/strong> in de Dordogne<\/h2>\n\n\n\n<p class=\"has-base-2-color has-text-color has-link-color wp-elements-27bd7a9949b8716c55ace9e768c0316c\">Geniet tijdens je kampeervakantie in de regio Nouvelle-Aquitaine van het <strong>comfort van een stacaravan<\/strong> net als thuis door een van onze volledig uitgeruste modellen te reserveren. Elke stacaravan heeft een volledig uitgeruste keuken met koelkast, kookplaat, koffiezetapparaat, enz. en sanitaire voorzieningen met badkamer en apart toilet. <\/p>\n\n\n\n<p class=\"has-base-2-color has-text-color has-link-color wp-elements-e2d0e5c4cca9955e62333df128d450b7\">We bieden <a href=\"https:\/\/www.camping-tremolat.com\/nl\/verhuur-stacaravans-dordogne\/\" data-type=\"page\" data-id=\"14\">keuze uit 4 modellen stacaravans<\/a>: <strong>Loggia, Tr\u00e9molat, Rivi\u00e9ra en Bahia<\/strong> (nieuw in 2023). Afhankelijk van het aantal vakantiegangers en het gewenste comfort vari\u00ebren de stacaravans op onze <strong>camping P\u00e9rigord Noir<\/strong> in grootte van 25 m\u00b2 tot 33 m\u00b2 en zijn ze beschikbaar in de <strong>Comfort-, Comfort+- en Premiumklasse<\/strong>.   <\/p>\n\n\n\n<p class=\"has-base-2-color has-text-color has-link-color wp-elements-a35b1a2f89142c8652241b1428d91739\">Onze stacaravans hebben 2 of 3 slaapkamers en <strong>zijn geschikt voor 2 tot 6 personen<\/strong>. De stacaravans hebben een <strong>gezellige houten inrichting<\/strong>, een modern interieur en een <strong>overdekt terras<\/strong>. <\/p>\n<\/div>\n<\/div>\n\n\n\n<div class=\"wp-block-column has-global-padding is-layout-constrained wp-container-core-column-is-layout-9cf94856 wp-block-column-is-layout-constrained\" style=\"padding-right:var(--wp--preset--spacing--50);padding-left:var(--wp--preset--spacing--30);flex-basis:60%\">\n<figure class=\"wp-block-image size-full is-resized has-custom-border reveal\"><img decoding=\"async\" width=\"878\" height=\"586\" src=\"https:\/\/www.camping-tremolat.com\/wp-content\/uploads\/2025\/04\/location-mh-camping-dordogne.jpg\" alt=\"verhuur mh camping dordogne\" class=\"wp-image-6916\" style=\"border-top-left-radius:8rem;border-bottom-right-radius:8rem;width:auto;height:600px\" srcset=\"https:\/\/www.camping-tremolat.com\/wp-content\/uploads\/2025\/04\/location-mh-camping-dordogne.jpg 878w, https:\/\/www.camping-tremolat.com\/wp-content\/uploads\/2025\/04\/location-mh-camping-dordogne-300x200.jpg 300w, https:\/\/www.camping-tremolat.com\/wp-content\/uploads\/2025\/04\/location-mh-camping-dordogne-768x513.jpg 768w\" sizes=\"(max-width: 878px) 100vw, 878px\" \/><\/figure>\n<\/div>\n<\/div>\n<\/section>\n\n<section class=\"wp-block-group home-second page-second reverse is-layout-flow wp-block-group-is-layout-flow\" style=\"padding-top:var(--wp--preset--spacing--30);padding-bottom:var(--wp--preset--spacing--40)\">\n<div class=\"wp-block-columns is-layout-flex wp-container-core-columns-is-layout-658170e2 wp-block-columns-is-layout-flex\">\n<div class=\"wp-block-column has-global-padding is-layout-constrained wp-container-core-column-is-layout-1c074333 wp-block-column-is-layout-constrained\" style=\"padding-top:var(--wp--preset--spacing--50);padding-right:var(--wp--preset--spacing--30);padding-bottom:var(--wp--preset--spacing--50);padding-left:var(--wp--preset--spacing--30);flex-basis:60%\">\n<figure class=\"wp-block-image size-full is-resized has-custom-border reveal\"><img decoding=\"async\" width=\"960\" height=\"600\" src=\"https:\/\/www.camping-tremolat.com\/wp-content\/uploads\/2025\/04\/louer-emplacement-dordogne.jpg\" alt=\"verhuur locatie dordogne\" class=\"wp-image-7001\" style=\"border-top-left-radius:8rem;border-bottom-right-radius:8rem;width:auto;height:600px\" srcset=\"https:\/\/www.camping-tremolat.com\/wp-content\/uploads\/2025\/04\/louer-emplacement-dordogne.jpg 960w, https:\/\/www.camping-tremolat.com\/wp-content\/uploads\/2025\/04\/louer-emplacement-dordogne-300x188.jpg 300w, https:\/\/www.camping-tremolat.com\/wp-content\/uploads\/2025\/04\/louer-emplacement-dordogne-768x480.jpg 768w\" sizes=\"(max-width: 960px) 100vw, 960px\" \/><\/figure>\n<\/div>\n\n\n\n<div class=\"wp-block-column is-vertically-aligned-center is-layout-flow wp-block-column-is-layout-flow\" style=\"padding-right:var(--wp--preset--spacing--60);padding-left:var(--wp--preset--spacing--20);flex-basis:40%\">\n<div class=\"wp-block-group anim-text is-vertical is-nowrap is-layout-flex wp-container-core-group-is-layout-3aa504c0 wp-block-group-is-layout-flex\">\n<h2 class=\"wp-block-heading has-custom-color-5-color has-text-color has-link-color wp-elements-1f16fddb8a02e914bfa2cb63cc4d1354\"><strong>Huur een kampeerplaats<\/strong> in de P\u00e9rigord Noir<\/h2>\n\n\n\n<p class=\"has-custom-color-3-color has-text-color has-link-color wp-elements-344ef95df38ebb34e8b79ce9fbad2758\">Het klimaat in de regio Nouvelle-Aquitaine is perfect voor <strong>een vakantie in de buitenlucht<\/strong>. Kom in de <strong>traditionele kampeersfeer<\/strong> en reserveer uw kampeerplaats op camping Tr\u00e9molat. De groene zones op onze <a href=\"https:\/\/www.camping-tremolat.com\/nl\/camping-bergerac\/\" data-type=\"page\" data-id=\"6574\">camping bij Bergerac<\/a> zijn zo aangelegd dat vakantiegangers er <strong>hun caravan<\/strong>, camper of tent <strong>kunnen neerzetten<\/strong>. Elk terrein is <strong>omzoomd door heggen en bomen<\/strong>, zodat je veel privacy hebt.   <\/p>\n\n\n\n<p><a href=\"https:\/\/www.camping-tremolat.com\/nl\/kampeerplaatsen-huur-dordogne\/\" data-type=\"page\" data-id=\"15\">Een aantal kampeerplaatsen<\/a> ligt op een paar meter van de <strong>rivier<\/strong>. Tijdens je <strong>nomadische vakantie<\/strong> op onze <strong>camping P\u00e9rigord Noir<\/strong> kun je gaan <strong>vissen<\/strong>. Misschien vang je wel forel of zalm voor het avondeten?  <\/p>\n\n\n\n<p class=\"has-custom-color-3-color has-text-color has-link-color wp-elements-45a76e26e9505a24cacb8ce480df7f2f\">Houd er ten slotte rekening mee dat de kampeerplaatsen op onze <a href=\"https:\/\/www.camping-tremolat.com\/nl\/camping-perigueux\/\" data-type=\"page\" data-id=\"6570\">camping bij P\u00e9rigueux<\/a> <strong>dicht bij de sanitairgebouwen en activiteitencentra van de camping<\/strong> liggen.<\/p>\n<\/div>\n<\/div>\n<\/div>\n<\/section>\n\n<section class=\"wp-block-group home-fifth page-fifth is-layout-flow wp-block-group-is-layout-flow\" style=\"margin-top:-1em;margin-bottom:4rem;padding-bottom:var(--wp--preset--spacing--40)\">\n<figure class=\"wp-block-image size-full is-resized pool-img reveal\"><img decoding=\"async\" width=\"2000\" height=\"1333\" src=\"https:\/\/www.camping-tremolat.com\/wp-content\/uploads\/2025\/05\/camping-piscine-dordogne.webp\" alt=\"zwembad camping dordogne\" class=\"wp-image-7980\" style=\"width:auto;height:850px\" srcset=\"https:\/\/www.camping-tremolat.com\/wp-content\/uploads\/2025\/05\/camping-piscine-dordogne.webp 2000w, https:\/\/www.camping-tremolat.com\/wp-content\/uploads\/2025\/05\/camping-piscine-dordogne-300x200.webp 300w, https:\/\/www.camping-tremolat.com\/wp-content\/uploads\/2025\/05\/camping-piscine-dordogne-1024x682.webp 1024w, https:\/\/www.camping-tremolat.com\/wp-content\/uploads\/2025\/05\/camping-piscine-dordogne-768x512.webp 768w, https:\/\/www.camping-tremolat.com\/wp-content\/uploads\/2025\/05\/camping-piscine-dordogne-1536x1024.webp 1536w\" sizes=\"(max-width: 2000px) 100vw, 2000px\" \/><\/figure>\n\n\n\n<div class=\"wp-block-group anim-text has-global-padding is-layout-constrained wp-block-group-is-layout-constrained\" style=\"padding-top:var(--wp--preset--spacing--30)\">\n<h2 class=\"wp-block-heading has-text-align-center has-custom-color-5-color has-text-color has-link-color wp-elements-9b6792cc0f663dbd39ab3570f4f2a819\"><strong>Camping met verwarmd zwembad<\/strong> in de P\u00e9rigord Noir<\/h2>\n\n\n\n<p class=\"has-text-align-center has-link-color wp-elements-d9c0c987e941340f08bdd4ddb66f37e7\">Tijdens een verblijf op <strong>camping Berges de la Dordogne<\/strong> kunnen vakantiegangers genieten van een duik in <strong>de 2 grote buitenzwembaden<\/strong>in het zwemparadijs. Het is de perfecte manier om af te koelen in <strong>het prachtige klimaat van de regio<\/strong>! <\/p>\n\n\n\n<p><a href=\"https:\/\/www.camping-tremolat.com\/nl\/camping-aquatisch-gebied\/\" data-type=\"page\" data-id=\"11\">Het eerste zwembad van de camping is verwarmd<\/a> (voor wie het wat kouder heeft), het tweede niet. De kinderen kunnen zich vermaken in <strong>het peuterbad, met een<\/strong> leuke <strong>glijbaan<\/strong> naast de grote zwembaden. Ouders kunnen hun kleintjes in de gaten houden vanaf hun <strong>ligstoel bij het zwembad<\/strong>.  <\/p>\n\n\n\n<p class=\"has-text-align-center has-link-color wp-elements-30e00583f8f3354b2f43f3365a04ba8f\">Het<strong>waterpark<\/strong> van onze <strong>camping P\u00e9rigord Noir<\/strong> <strong>ligt<\/strong>, net als de meeste van onze voorzieningen, <a href=\"https:\/\/www.camping-tremolat.com\/nl\/dordogne-vallei\/\" data-type=\"page\" data-id=\"18\">aan de oever van de Dordogne<\/a>. Dus als u aan het luieren bent of aan het<strong>zonnebaden<\/strong> bent op het terras van het zwembad, kunt u de tijd doden door te kijken naar de <strong>verschillende watersporten<\/strong> die plaatsvinden op de rivier naast onze <a href=\"https:\/\/www.camping-tremolat.com\/nl\/camping-perigord-noir\/camping-gouffre-de-proumeyssac\/\" data-type=\"page\" data-id=\"6562\">camping bij de Gouffre de Proumeyssac<\/a>. <\/p>\n<\/div>\n<\/section>\n\n<section class=\"wp-block-group home-second page-second reverse has-custom-color-4-background-color has-background is-layout-flow wp-block-group-is-layout-flow\" style=\"padding-top:var(--wp--preset--spacing--30);padding-bottom:var(--wp--preset--spacing--40)\">\n<div class=\"wp-block-columns is-layout-flex wp-container-core-columns-is-layout-658170e2 wp-block-columns-is-layout-flex\">\n<div class=\"wp-block-column is-vertically-aligned-center is-layout-flow wp-block-column-is-layout-flow\" style=\"padding-right:0;padding-left:var(--wp--preset--spacing--60);flex-basis:40%\">\n<div class=\"wp-block-group anim-text is-vertical is-nowrap is-layout-flex wp-container-core-group-is-layout-7d49d51e wp-block-group-is-layout-flex\" style=\"padding-left:2rem\">\n<h2 class=\"wp-block-heading has-text-align-left has-custom-color-5-color has-text-color has-link-color wp-elements-5c4e2ca6a04dc40f6b5d332e9e281685\"><strong>Bezoek<\/strong> de P\u00e9rigord Noir<\/h2>\n\n\n\n<p class=\"has-text-align-left\">Profiteer van je verblijf op de <a href=\"https:\/\/www.camping-tremolat.com\/nl\/camping-perigord-noir\/camping-grotten-maxange\/\" data-type=\"page\" data-id=\"6566\">camping bij Les Grottes de Maxange<\/a> om de schatten van de P\u00e9rigord Noir te ontdekken. De regio is bijzonder rijk aan <strong>prehistorische en middeleeuwse overblijfselen<\/strong>. De <strong>grot van Lascaux<\/strong> met zijn <strong>grotkunst<\/strong> is bijvoorbeeld een populaire toeristische trekpleister in de omgeving, net als de Gouffre de Proumeyssac en de grotten van Maxange.  <\/p>\n\n\n\n<p>Je kunt ook even ontsnappen naar het groen, letterlijk, in de <strong>Jardins d&#8217;Eyrignac<\/strong>. Verzorgde gazons, zorgvuldig bewerkte <strong>plantensculpturen<\/strong> en fonteinen zijn slechts enkele van de elementen die je zullen helpen je batterijen weer op te laden. <\/p>\n\n\n\n<p>Een bezoek aan <a href=\"https:\/\/www.camping-tremolat.com\/nl\/camping-perigord-noir\/camping-sarlat\/\" data-type=\"page\" data-id=\"6558\">Sarlat<\/a>,<strong> op 34 km<\/strong> van uw <strong>camping P\u00e9rigord Noir<\/strong>, is ook <strong>een must<\/strong>. Wat dacht u van een wandeling door de geplaveide straatjes van de oude stad? U ontdekt het <strong>Maison de la Bo\u00e9tie<\/strong> en het<strong> Manoir de Gisson<\/strong>, twee van de grote bezienswaardigheden van deze hoofdstad van de P\u00e9rigord Noir.  <\/p>\n\n\n\n<p class=\"has-text-align-left\">Je hebt ook de kans om veel van de iconische steden van de P\u00e9rigord Noir te bezoeken, zoals Bergerac en P\u00e9rigueux.<\/p>\n<\/div>\n<\/div>\n\n\n\n<div class=\"wp-block-column has-global-padding is-layout-constrained wp-container-core-column-is-layout-1c074333 wp-block-column-is-layout-constrained\" style=\"padding-top:var(--wp--preset--spacing--50);padding-right:var(--wp--preset--spacing--30);padding-bottom:var(--wp--preset--spacing--50);padding-left:var(--wp--preset--spacing--30);flex-basis:60%\">\n<figure class=\"wp-block-image size-full is-resized has-custom-border reveal\"><img decoding=\"async\" width=\"886\" height=\"600\" src=\"https:\/\/www.camping-tremolat.com\/wp-content\/uploads\/2025\/05\/faire-du-canoe-dans-le-perigord-noir.jpg\" alt=\"kano&#xEB;n in de perigord noir\" class=\"wp-image-7704\" style=\"border-top-left-radius:8rem;border-bottom-right-radius:8rem;width:auto;height:600px\" srcset=\"https:\/\/www.camping-tremolat.com\/wp-content\/uploads\/2025\/05\/faire-du-canoe-dans-le-perigord-noir.jpg 886w, https:\/\/www.camping-tremolat.com\/wp-content\/uploads\/2025\/05\/faire-du-canoe-dans-le-perigord-noir-300x203.jpg 300w, https:\/\/www.camping-tremolat.com\/wp-content\/uploads\/2025\/05\/faire-du-canoe-dans-le-perigord-noir-768x520.jpg 768w\" sizes=\"(max-width: 886px) 100vw, 886px\" \/><\/figure>\n<\/div>\n<\/div>\n<\/section>\n\n<section class=\"wp-block-group page-maillage has-global-padding is-layout-constrained wp-block-group-is-layout-constrained\" style=\"padding-top:4rem;padding-bottom:var(--wp--preset--spacing--60)\">\n<div class=\"wp-block-group handmade-title is-layout-flow wp-block-group-is-layout-flow\" style=\"margin-bottom:0;padding-top:4rem;padding-right:0rem;padding-bottom:3rem;padding-left:0rem\">\n<p class=\"handmade-title-p has-custom-color-2-color has-text-color has-link-color has-magnolia-script-font-family wp-elements-071de69ea5a3ad263edbdae98c9eb40e\" style=\"font-size:clamp(1.502rem, 1.502rem + ((1vw - 0.2rem) * 1.353), 2.5rem);line-height:0;text-transform:capitalize\">Ontdek<\/p>\n\n\n\n<p class=\"handmade-title-p has-custom-color-2-color has-text-color has-link-color has-retcaro-font-family wp-elements-da19eab9b8a7006bcc6c00bbb0aea9c4\" style=\"font-size:clamp(1.25rem, 1.25rem + ((1vw - 0.2rem) * 1.017), 2rem);line-height:0.9\">onze camping in de Dordogne<\/p>\n<\/div>\n\n\n\n<div data-wp-context=\"{}\" data-wp-interactive=\"core\/query\" data-wp-key=\"1\" data-wp-router-region=\"query-1\" class=\"wp-block-query alignwide gt-fse-maillage-query is-layout-flow wp-block-query-is-layout-flow\"><ul class=\"columns-3 wp-block-post-template is-layout-grid wp-container-core-post-template-is-layout-6d3fbd8f wp-block-post-template-is-layout-grid\"><li data-wp-key=\"post-template-item-8394\" class=\"wp-block-post post-8394 page type-page status-publish has-post-thumbnail hentry\">\n\n<div class=\"wp-block-group has-global-padding is-layout-constrained wp-block-group-is-layout-constrained\" style=\"border-top-right-radius:10rem\">\n<figure class=\"wp-block-image has-custom-border maillage-img\"><img decoding=\"async\" src=\"https:\/\/www.camping-tremolat.com\/wp-content\/uploads\/2025\/05\/gonflable-activites-enfants-camping-Dordogne.webp\" alt=\"Activiteiten en entertainment\" style=\"border-top-right-radius:5rem\" \/><\/figure>\n\n\n\n<p class=\"maillage-title has-border-color has-base-2-color has-text-color has-link-color has-medium-font-size wp-elements-213efc7d676bbb9479df1f5a5804d786\" style=\"border-color:#819971;border-width:1px;border-radius:50px;padding-top:var(--wp--preset--spacing--20);padding-right:var(--wp--preset--spacing--30);padding-bottom:var(--wp--preset--spacing--20);padding-left:var(--wp--preset--spacing--40);text-transform:uppercase\">Activiteiten en entertainment<\/p>\n\n\n<a class=\"is-style-lien-cover wp-block-read-more\" href=\"https:\/\/www.camping-tremolat.com\/nl\/camping-activiteiten-dordogne\/\" target=\"_self\">Lees verder<span class=\"screen-reader-text\">: Activiteiten en entertainment<\/span><\/a><\/div>\n\n<\/li><li data-wp-key=\"post-template-item-8400\" class=\"wp-block-post post-8400 page type-page status-publish has-post-thumbnail hentry\">\n\n<div class=\"wp-block-group has-global-padding is-layout-constrained wp-block-group-is-layout-constrained\" style=\"border-top-right-radius:10rem\">\n<figure class=\"wp-block-image has-custom-border maillage-img\"><img decoding=\"async\" src=\"https:\/\/www.camping-tremolat.com\/wp-content\/uploads\/2025\/04\/camping-avec-piscine-en-dordogne.jpg\" alt=\"Aquatisch gebied\" style=\"border-top-right-radius:5rem\" \/><\/figure>\n\n\n\n<p class=\"maillage-title has-border-color has-base-2-color has-text-color has-link-color has-medium-font-size wp-elements-213efc7d676bbb9479df1f5a5804d786\" style=\"border-color:#819971;border-width:1px;border-radius:50px;padding-top:var(--wp--preset--spacing--20);padding-right:var(--wp--preset--spacing--30);padding-bottom:var(--wp--preset--spacing--20);padding-left:var(--wp--preset--spacing--40);text-transform:uppercase\">Aquatisch gebied<\/p>\n\n\n<a class=\"is-style-lien-cover wp-block-read-more\" href=\"https:\/\/www.camping-tremolat.com\/nl\/camping-aquatisch-gebied\/\" target=\"_self\">Lees verder<span class=\"screen-reader-text\">: Aquatisch gebied<\/span><\/a><\/div>\n\n<\/li><li data-wp-key=\"post-template-item-8557\" class=\"wp-block-post post-8557 page type-page status-publish has-post-thumbnail hentry\">\n\n<div class=\"wp-block-group has-global-padding is-layout-constrained wp-block-group-is-layout-constrained\" style=\"border-top-right-radius:10rem\">\n<figure class=\"wp-block-image has-custom-border maillage-img\"><img decoding=\"async\" src=\"https:\/\/www.camping-tremolat.com\/wp-content\/uploads\/2025\/04\/camping-bas-tarif-vendee.jpg\" alt=\"Tarieven\" style=\"border-top-right-radius:5rem\" \/><\/figure>\n\n\n\n<p class=\"maillage-title has-border-color has-base-2-color has-text-color has-link-color has-medium-font-size wp-elements-213efc7d676bbb9479df1f5a5804d786\" style=\"border-color:#819971;border-width:1px;border-radius:50px;padding-top:var(--wp--preset--spacing--20);padding-right:var(--wp--preset--spacing--30);padding-bottom:var(--wp--preset--spacing--20);padding-left:var(--wp--preset--spacing--40);text-transform:uppercase\">Tarieven<\/p>\n\n\n<a class=\"is-style-lien-cover wp-block-read-more\" href=\"https:\/\/www.camping-tremolat.com\/nl\/goedkope-camping-dordogne\/\" target=\"_self\">Lees verder<span class=\"screen-reader-text\">: Tarieven<\/span><\/a><\/div>\n\n<\/li><\/ul><\/div>\n<\/section>\n","protected":false},"excerpt":{"rendered":"<p>Welkom op camping Les Berges de la Dordogne in Tr\u00e9molat in het hart van de P\u00e9rigord Noir Tussen natuur en platteland.De P\u00e9rigord Noir is een ideale bestemming voor een rustige vakantie met het gezin of met vrienden. Boek voor uw verblijf in deze prachtige Dordogne-vallei onze 4-sterren Dordogne camping in Tr\u00e9molat, een landgoed in het [&hellip;]<\/p>\n","protected":false},"author":1,"featured_media":7693,"parent":0,"menu_order":0,"comment_status":"closed","ping_status":"closed","template":"","meta":{"_acf_changed":false,"_seopress_robots_primary_cat":"","_seopress_titles_title":"Camping P\u00e9rigord Noir | Rand van de Dordogne met zwembad","_seopress_titles_desc":"In het hart van de P\u00e9rigord Noir verwelkomt onze 4-sterren camping in Tr\u00e9molat je aan de oever van de Dordogne met zijn zwembad, stacaravans en staanplaatsen midden in de natuur.","_seopress_robots_index":"","_gt_ctv_global_id":"","_gt_ctv_id_group":false,"inline_featured_image":false,"gt_fse_maillage_image":"https:\/\/www.camping-tremolat.com\/wp-content\/uploads\/2025\/05\/visiter-le-perigord-noir.jpg","gt_fse_maillage_titre":"Zwarte P\u00e9rigord","gt_fse_maillage_alt":"Zwarte P\u00e9rigord","gt_fse_maillage_resume":"","footnotes":""},"categories":[],"tags":[],"class_list":["post-8486","page","type-page","status-publish","has-post-thumbnail","hentry"],"acf":[],"_links":{"self":[{"href":"https:\/\/www.camping-tremolat.com\/nl\/wp-json\/wp\/v2\/pages\/8486","targetHints":{"allow":["GET"]}}],"collection":[{"href":"https:\/\/www.camping-tremolat.com\/nl\/wp-json\/wp\/v2\/pages"}],"about":[{"href":"https:\/\/www.camping-tremolat.com\/nl\/wp-json\/wp\/v2\/types\/page"}],"author":[{"embeddable":true,"href":"https:\/\/www.camping-tremolat.com\/nl\/wp-json\/wp\/v2\/users\/1"}],"replies":[{"embeddable":true,"href":"https:\/\/www.camping-tremolat.com\/nl\/wp-json\/wp\/v2\/comments?post=8486"}],"version-history":[{"count":8,"href":"https:\/\/www.camping-tremolat.com\/nl\/wp-json\/wp\/v2\/pages\/8486\/revisions"}],"predecessor-version":[{"id":8738,"href":"https:\/\/www.camping-tremolat.com\/nl\/wp-json\/wp\/v2\/pages\/8486\/revisions\/8738"}],"wp:featuredmedia":[{"embeddable":true,"href":"https:\/\/www.camping-tremolat.com\/nl\/wp-json\/wp\/v2\/media\/7693"}],"wp:attachment":[{"href":"https:\/\/www.camping-tremolat.com\/nl\/wp-json\/wp\/v2\/media?parent=8486"}],"wp:term":[{"taxonomy":"category","embeddable":true,"href":"https:\/\/www.camping-tremolat.com\/nl\/wp-json\/wp\/v2\/categories?post=8486"},{"taxonomy":"post_tag","embeddable":true,"href":"https:\/\/www.camping-tremolat.com\/nl\/wp-json\/wp\/v2\/tags?post=8486"}],"curies":[{"name":"wp","href":"https:\/\/api.w.org\/{rel}","templated":true}]}}